{"id":1065,"date":"2025-05-08T16:23:45","date_gmt":"2025-05-08T14:23:45","guid":{"rendered":"https:\/\/www.behieko.eus\/productos\/"},"modified":"2025-06-27T12:20:54","modified_gmt":"2025-06-27T10:20:54","slug":"productos","status":"publish","type":"page","link":"https:\/\/www.behieko.eus\/es\/productos\/","title":{"rendered":"Productos"},"content":{"rendered":"\t\t<div data-elementor-type=\"wp-page\" data-elementor-id=\"1065\" class=\"elementor elementor-1065 elementor-526\" data-elementor-post-type=\"page\">\n\t\t\t\t<div class=\"elementor-element elementor-element-4c25d0b e-flex e-con-boxed e-con e-parent\" data-id=\"4c25d0b\" data-element_type=\"container\" data-settings=\"{&quot;background_background&quot;:&quot;classic&quot;,&quot;background_motion_fx_motion_fx_scrolling&quot;:&quot;yes&quot;,&quot;background_motion_fx_devices&quot;:[&quot;desktop&quot;,&quot;tablet&quot;,&quot;mobile&quot;]}\">\n\t\t\t\t\t<div class=\"e-con-inner\">\n\t\t\t\t\t<\/div>\n\t\t\t\t<\/div>\n\t\t<div class=\"elementor-element elementor-element-ab652ff e-flex e-con-boxed e-con e-parent\" data-id=\"ab652ff\" data-element_type=\"container\">\n\t\t\t\t\t<div class=\"e-con-inner\">\n\t\t\t\t<div class=\"elementor-element elementor-element-229e795 elementor-widget elementor-widget-text-editor\" data-id=\"229e795\" data-element_type=\"widget\" data-widget_type=\"text-editor.default\">\n\t\t\t\t<div class=\"elementor-widget-container\">\n\t\t\t\t\t\t\t\t\t<p>Los productos de \u201cBEHIEKO\u201d no llevan ning\u00fan aditivo.<br \/><br \/><\/p>\t\t\t\t\t\t\t\t<\/div>\n\t\t\t\t<\/div>\n\t\t\t\t\t<\/div>\n\t\t\t\t<\/div>\n\t\t<div class=\"elementor-element elementor-element-54573a6 e-flex e-con-boxed e-con e-parent\" data-id=\"54573a6\" data-element_type=\"container\">\n\t\t\t\t\t<div class=\"e-con-inner\">\n\t\t\t\t<div class=\"elementor-element elementor-element-a73b9df elementor-widget elementor-widget-heading\" data-id=\"a73b9df\" data-element_type=\"widget\" data-widget_type=\"heading.default\">\n\t\t\t\t<div class=\"elementor-widget-container\">\n\t\t\t\t\t<h2 class=\"elementor-heading-title elementor-size-default\">Productos ecol\u00f3gicos<\/h2>\t\t\t\t<\/div>\n\t\t\t\t<\/div>\n\t\t\t\t\t<\/div>\n\t\t\t\t<\/div>\n\t\t<div class=\"elementor-element elementor-element-314719a e-flex e-con-boxed e-con e-parent\" data-id=\"314719a\" data-element_type=\"container\">\n\t\t\t\t\t<div class=\"e-con-inner\">\n\t\t<div class=\"elementor-element elementor-element-9f7ca73 e-grid e-con-full e-con e-child\" data-id=\"9f7ca73\" data-element_type=\"container\">\n\t\t<div class=\"elementor-element elementor-element-448e07e e-con-full e-flex e-con e-child\" data-id=\"448e07e\" data-element_type=\"container\">\n\t\t\t\t<div class=\"elementor-element elementor-element-1fa25aa elementor-widget elementor-widget-image\" data-id=\"1fa25aa\" data-element_type=\"widget\" data-widget_type=\"image.default\">\n\t\t\t\t<div class=\"elementor-widget-container\">\n\t\t\t\t\t\t\t\t\t\t\t\t\t\t\t<img fetchpriority=\"high\" decoding=\"async\" width=\"318\" height=\"442\" src=\"https:\/\/www.behieko.eus\/wp-content\/uploads\/2025\/05\/8-1.webp\" class=\"attachment-large size-large wp-image-1041\" alt=\"\" srcset=\"https:\/\/www.behieko.eus\/wp-content\/uploads\/2025\/05\/8-1.webp 318w, https:\/\/www.behieko.eus\/wp-content\/uploads\/2025\/05\/8-1-216x300.webp 216w\" sizes=\"(max-width: 318px) 100vw, 318px\" \/>\t\t\t\t\t\t\t\t\t\t\t\t\t\t\t<\/div>\n\t\t\t\t<\/div>\n\t\t\t\t<div class=\"elementor-element elementor-element-6f97dc6 elementor-widget elementor-widget-heading\" data-id=\"6f97dc6\" data-element_type=\"widget\" data-widget_type=\"heading.default\">\n\t\t\t\t<div class=\"elementor-widget-container\">\n\t\t\t\t\t<h2 class=\"elementor-heading-title elementor-size-default\">YOGUR BATIDO<BR><\/h2>\t\t\t\t<\/div>\n\t\t\t\t<\/div>\n\t\t\t\t<div class=\"elementor-element elementor-element-ab2a11e elementor-widget elementor-widget-text-editor\" data-id=\"ab2a11e\" data-element_type=\"widget\" data-widget_type=\"text-editor.default\">\n\t\t\t\t<div class=\"elementor-widget-container\">\n\t\t\t\t\t\t\t\t\t<p>&#8211; Contenido: 480 ml.<\/p><p><strong>Ingredientes:<\/strong> Leche de vaca, fermentos l\u00e1cticos, az\u00facar de panela.<\/p><p>(Duraci\u00f3n: 3 semanas)<\/p>\t\t\t\t\t\t\t\t<\/div>\n\t\t\t\t<\/div>\n\t\t\t\t<\/div>\n\t\t<div class=\"elementor-element elementor-element-30879f2 e-con-full e-flex e-con e-child\" data-id=\"30879f2\" data-element_type=\"container\">\n\t\t\t\t<div class=\"elementor-element elementor-element-7c7af8f elementor-widget elementor-widget-image\" data-id=\"7c7af8f\" data-element_type=\"widget\" data-widget_type=\"image.default\">\n\t\t\t\t<div class=\"elementor-widget-container\">\n\t\t\t\t\t\t\t\t\t\t\t\t\t\t\t<img decoding=\"async\" width=\"318\" height=\"442\" src=\"https:\/\/www.behieko.eus\/wp-content\/uploads\/2025\/05\/5.webp\" class=\"attachment-large size-large wp-image-1033\" alt=\"\" srcset=\"https:\/\/www.behieko.eus\/wp-content\/uploads\/2025\/05\/5.webp 318w, https:\/\/www.behieko.eus\/wp-content\/uploads\/2025\/05\/5-216x300.webp 216w\" sizes=\"(max-width: 318px) 100vw, 318px\" \/>\t\t\t\t\t\t\t\t\t\t\t\t\t\t\t<\/div>\n\t\t\t\t<\/div>\n\t\t\t\t<div class=\"elementor-element elementor-element-f6ff897 elementor-widget elementor-widget-heading\" data-id=\"f6ff897\" data-element_type=\"widget\" data-widget_type=\"heading.default\">\n\t\t\t\t<div class=\"elementor-widget-container\">\n\t\t\t\t\t<h2 class=\"elementor-heading-title elementor-size-default\">YOGUR NATURAL ENTERO<\/h2>\t\t\t\t<\/div>\n\t\t\t\t<\/div>\n\t\t\t\t<div class=\"elementor-element elementor-element-19089f7 elementor-widget elementor-widget-text-editor\" data-id=\"19089f7\" data-element_type=\"widget\" data-widget_type=\"text-editor.default\">\n\t\t\t\t<div class=\"elementor-widget-container\">\n\t\t\t\t\t\t\t\t\t<p>&#8211; Contenido: 400 ml.<\/p><p><strong>Ingredientes:<\/strong> Leche de vaca, fermentos l\u00e1cticos.<\/p><p>(Duraci\u00f3n: 3 semanas)<\/p>\t\t\t\t\t\t\t\t<\/div>\n\t\t\t\t<\/div>\n\t\t\t\t<\/div>\n\t\t<div class=\"elementor-element elementor-element-1b20645 e-con-full e-flex e-con e-child\" data-id=\"1b20645\" data-element_type=\"container\">\n\t\t\t\t<div class=\"elementor-element elementor-element-ebd64ab elementor-widget elementor-widget-image\" data-id=\"ebd64ab\" data-element_type=\"widget\" data-widget_type=\"image.default\">\n\t\t\t\t<div class=\"elementor-widget-container\">\n\t\t\t\t\t\t\t\t\t\t\t\t\t\t\t<img decoding=\"async\" width=\"318\" height=\"442\" src=\"https:\/\/www.behieko.eus\/wp-content\/uploads\/2025\/05\/6.webp\" class=\"attachment-large size-large wp-image-1037\" alt=\"\" srcset=\"https:\/\/www.behieko.eus\/wp-content\/uploads\/2025\/05\/6.webp 318w, https:\/\/www.behieko.eus\/wp-content\/uploads\/2025\/05\/6-216x300.webp 216w\" sizes=\"(max-width: 318px) 100vw, 318px\" \/>\t\t\t\t\t\t\t\t\t\t\t\t\t\t\t<\/div>\n\t\t\t\t<\/div>\n\t\t\t\t<div class=\"elementor-element elementor-element-6edfe5b elementor-widget elementor-widget-heading\" data-id=\"6edfe5b\" data-element_type=\"widget\" data-widget_type=\"heading.default\">\n\t\t\t\t<div class=\"elementor-widget-container\">\n\t\t\t\t\t<h2 class=\"elementor-heading-title elementor-size-default\">YOGUR NATURAL ENTERO<\/h2>\t\t\t\t<\/div>\n\t\t\t\t<\/div>\n\t\t\t\t<div class=\"elementor-element elementor-element-3361f64 elementor-widget elementor-widget-text-editor\" data-id=\"3361f64\" data-element_type=\"widget\" data-widget_type=\"text-editor.default\">\n\t\t\t\t<div class=\"elementor-widget-container\">\n\t\t\t\t\t\t\t\t\t<p>&#8211; Contenido 130 ml.<\/p><p><strong>Ingredientes:<\/strong> Leche de vaca, fermentos l\u00e1cticos.<\/p><p>(Duraci\u00f3n: 3 semanas)<\/p>\t\t\t\t\t\t\t\t<\/div>\n\t\t\t\t<\/div>\n\t\t\t\t<\/div>\n\t\t<div class=\"elementor-element elementor-element-541cf96 e-con-full e-flex e-con e-child\" data-id=\"541cf96\" data-element_type=\"container\">\n\t\t\t\t<div class=\"elementor-element elementor-element-b231285 elementor-widget elementor-widget-image\" data-id=\"b231285\" data-element_type=\"widget\" data-widget_type=\"image.default\">\n\t\t\t\t<div class=\"elementor-widget-container\">\n\t\t\t\t\t\t\t\t\t\t\t\t\t\t\t<img loading=\"lazy\" decoding=\"async\" width=\"318\" height=\"442\" src=\"https:\/\/www.behieko.eus\/wp-content\/uploads\/2025\/05\/4-2.webp\" class=\"attachment-large size-large wp-image-1031\" alt=\"\" srcset=\"https:\/\/www.behieko.eus\/wp-content\/uploads\/2025\/05\/4-2.webp 318w, https:\/\/www.behieko.eus\/wp-content\/uploads\/2025\/05\/4-2-216x300.webp 216w\" sizes=\"(max-width: 318px) 100vw, 318px\" \/>\t\t\t\t\t\t\t\t\t\t\t\t\t\t\t<\/div>\n\t\t\t\t<\/div>\n\t\t\t\t<div class=\"elementor-element elementor-element-a824911 elementor-widget elementor-widget-heading\" data-id=\"a824911\" data-element_type=\"widget\" data-widget_type=\"heading.default\">\n\t\t\t\t<div class=\"elementor-widget-container\">\n\t\t\t\t\t<h2 class=\"elementor-heading-title elementor-size-default\">YOGUR NATURAL DESNATADO<\/h2>\t\t\t\t<\/div>\n\t\t\t\t<\/div>\n\t\t\t\t<div class=\"elementor-element elementor-element-1518b70 elementor-widget elementor-widget-text-editor\" data-id=\"1518b70\" data-element_type=\"widget\" data-widget_type=\"text-editor.default\">\n\t\t\t\t<div class=\"elementor-widget-container\">\n\t\t\t\t\t\t\t\t\t<p>&#8211; Contenido: 400 ml.<\/p><p><br \/><strong>Ingredientes:<\/strong> Leche de vaca, fermentos l\u00e1cticos.<\/p><p>(Duraci\u00f3n: 3 semanas)<\/p>\t\t\t\t\t\t\t\t<\/div>\n\t\t\t\t<\/div>\n\t\t\t\t<\/div>\n\t\t<div class=\"elementor-element elementor-element-0ff63f7 e-con-full e-flex e-con e-child\" data-id=\"0ff63f7\" data-element_type=\"container\">\n\t\t\t\t<div class=\"elementor-element elementor-element-0b8259b elementor-widget elementor-widget-image\" data-id=\"0b8259b\" data-element_type=\"widget\" data-widget_type=\"image.default\">\n\t\t\t\t<div class=\"elementor-widget-container\">\n\t\t\t\t\t\t\t\t\t\t\t\t\t\t\t<img loading=\"lazy\" decoding=\"async\" width=\"318\" height=\"442\" src=\"https:\/\/www.behieko.eus\/wp-content\/uploads\/2025\/05\/3-2.webp\" class=\"attachment-large size-large wp-image-1029\" alt=\"\" srcset=\"https:\/\/www.behieko.eus\/wp-content\/uploads\/2025\/05\/3-2.webp 318w, https:\/\/www.behieko.eus\/wp-content\/uploads\/2025\/05\/3-2-216x300.webp 216w\" sizes=\"(max-width: 318px) 100vw, 318px\" \/>\t\t\t\t\t\t\t\t\t\t\t\t\t\t\t<\/div>\n\t\t\t\t<\/div>\n\t\t\t\t<div class=\"elementor-element elementor-element-ef7fc6f elementor-widget elementor-widget-heading\" data-id=\"ef7fc6f\" data-element_type=\"widget\" data-widget_type=\"heading.default\">\n\t\t\t\t<div class=\"elementor-widget-container\">\n\t\t\t\t\t<h2 class=\"elementor-heading-title elementor-size-default\">YOGUR NATURAL DESNATADO<\/h2>\t\t\t\t<\/div>\n\t\t\t\t<\/div>\n\t\t\t\t<div class=\"elementor-element elementor-element-f0fe873 elementor-widget elementor-widget-text-editor\" data-id=\"f0fe873\" data-element_type=\"widget\" data-widget_type=\"text-editor.default\">\n\t\t\t\t<div class=\"elementor-widget-container\">\n\t\t\t\t\t\t\t\t\t<p>&#8211; Contenido 130 ml.<\/p><p><strong>Ingredientes:<\/strong> Leche de vaca, fermentos l\u00e1cticos.<\/p><p>(Duraci\u00f3n: 3 semanas)<\/p>\t\t\t\t\t\t\t\t<\/div>\n\t\t\t\t<\/div>\n\t\t\t\t<\/div>\n\t\t<div class=\"elementor-element elementor-element-31432de e-con-full e-flex e-con e-child\" data-id=\"31432de\" data-element_type=\"container\">\n\t\t\t\t<div class=\"elementor-element elementor-element-53b8bac elementor-widget elementor-widget-image\" data-id=\"53b8bac\" data-element_type=\"widget\" data-widget_type=\"image.default\">\n\t\t\t\t<div class=\"elementor-widget-container\">\n\t\t\t\t\t\t\t\t\t\t\t\t\t\t\t<img loading=\"lazy\" decoding=\"async\" width=\"318\" height=\"442\" src=\"https:\/\/www.behieko.eus\/wp-content\/uploads\/2025\/05\/7.webp\" class=\"attachment-large size-large wp-image-1043\" alt=\"\" srcset=\"https:\/\/www.behieko.eus\/wp-content\/uploads\/2025\/05\/7.webp 318w, https:\/\/www.behieko.eus\/wp-content\/uploads\/2025\/05\/7-216x300.webp 216w\" sizes=\"(max-width: 318px) 100vw, 318px\" \/>\t\t\t\t\t\t\t\t\t\t\t\t\t\t\t<\/div>\n\t\t\t\t<\/div>\n\t\t\t\t<div class=\"elementor-element elementor-element-536764c elementor-widget elementor-widget-heading\" data-id=\"536764c\" data-element_type=\"widget\" data-widget_type=\"heading.default\">\n\t\t\t\t<div class=\"elementor-widget-container\">\n\t\t\t\t\t<h2 class=\"elementor-heading-title elementor-size-default\">\"BEHIEKO\"LECHE PASTEURIZADA<\/h2>\t\t\t\t<\/div>\n\t\t\t\t<\/div>\n\t\t\t\t<div class=\"elementor-element elementor-element-bb1ec6f elementor-widget elementor-widget-text-editor\" data-id=\"bb1ec6f\" data-element_type=\"widget\" data-widget_type=\"text-editor.default\">\n\t\t\t\t<div class=\"elementor-widget-container\">\n\t\t\t\t\t\t\t\t\t<p>&#8211; Contenido: 1l.<\/p><p><strong>Ingredientes:<\/strong> Leche de vaca pasteurizada, ecol\u00f3gica.<\/p><p>(Duraci\u00f3n: 7 d\u00edas)<\/p>\t\t\t\t\t\t\t\t<\/div>\n\t\t\t\t<\/div>\n\t\t\t\t<\/div>\n\t\t<div class=\"elementor-element elementor-element-a4b41a6 e-con-full e-flex e-con e-child\" data-id=\"a4b41a6\" data-element_type=\"container\">\n\t\t\t\t<div class=\"elementor-element elementor-element-d4bfd4a elementor-widget elementor-widget-image\" data-id=\"d4bfd4a\" data-element_type=\"widget\" data-widget_type=\"image.default\">\n\t\t\t\t<div class=\"elementor-widget-container\">\n\t\t\t\t\t\t\t\t\t\t\t\t\t\t\t<img loading=\"lazy\" decoding=\"async\" width=\"318\" height=\"445\" src=\"https:\/\/www.behieko.eus\/wp-content\/uploads\/2025\/06\/1-5.webp\" class=\"attachment-large size-large wp-image-1502\" alt=\"Gal\u00f3n\" srcset=\"https:\/\/www.behieko.eus\/wp-content\/uploads\/2025\/06\/1-5.webp 318w, https:\/\/www.behieko.eus\/wp-content\/uploads\/2025\/06\/1-5-214x300.webp 214w\" sizes=\"(max-width: 318px) 100vw, 318px\" \/>\t\t\t\t\t\t\t\t\t\t\t\t\t\t\t<\/div>\n\t\t\t\t<\/div>\n\t\t\t\t<div class=\"elementor-element elementor-element-3704368 elementor-widget elementor-widget-heading\" data-id=\"3704368\" data-element_type=\"widget\" data-widget_type=\"heading.default\">\n\t\t\t\t<div class=\"elementor-widget-container\">\n\t\t\t\t\t<h2 class=\"elementor-heading-title elementor-size-default\">\"GAL\u00d3N\" YOGUR NATURAL<\/h2>\t\t\t\t<\/div>\n\t\t\t\t<\/div>\n\t\t\t\t<div class=\"elementor-element elementor-element-db53f87 elementor-widget elementor-widget-text-editor\" data-id=\"db53f87\" data-element_type=\"widget\" data-widget_type=\"text-editor.default\">\n\t\t\t\t<div class=\"elementor-widget-container\">\n\t\t\t\t\t\t\t\t\t<p>&#8211; Contenido: 4 KG.<\/p><p><strong>Ingredientes:<\/strong> Leche de vaca y fermentos l\u00e1cticos<\/p><p>(Duraci\u00f3n: 3 semanas)<\/p>\t\t\t\t\t\t\t\t<\/div>\n\t\t\t\t<\/div>\n\t\t\t\t<\/div>\n\t\t\t\t<\/div>\n\t\t\t\t\t<\/div>\n\t\t\t\t<\/div>\n\t\t<div class=\"elementor-element elementor-element-d619824 e-flex e-con-boxed e-con e-parent\" data-id=\"d619824\" data-element_type=\"container\">\n\t\t\t\t\t<div class=\"e-con-inner\">\n\t\t\t\t<div class=\"elementor-element elementor-element-1393400 elementor-widget elementor-widget-heading\" data-id=\"1393400\" data-element_type=\"widget\" data-widget_type=\"heading.default\">\n\t\t\t\t<div class=\"elementor-widget-container\">\n\t\t\t\t\t<h2 class=\"elementor-heading-title elementor-size-default\">Por un consumo responsable, <br>reutiliza nuestros envases de cristal<\/h2>\t\t\t\t<\/div>\n\t\t\t\t<\/div>\n\t\t\t\t<div class=\"elementor-element elementor-element-fc9036f elementor-widget elementor-widget-text-editor\" data-id=\"fc9036f\" data-element_type=\"widget\" data-widget_type=\"text-editor.default\">\n\t\t\t\t<div class=\"elementor-widget-container\">\n\t\t\t\t\t\t\t\t\t<p data-start=\"54\" data-end=\"269\"><strong data-start=\"54\" data-end=\"145\">NUESTRA APUESTA DESDE EL PRIMER D\u00cdA HA SIDO ENVASAR LOS PRODUCTOS \u201cBEHIEKO\u201d EN CRISTAL.<\/strong><br data-start=\"145\" data-end=\"148\" \/>Creemos que es muy importante cuidar nuestro entorno y nuestro objetivo es generar la menor cantidad de residuos posible.<\/p><p data-start=\"271\" data-end=\"340\"><strong data-start=\"271\" data-end=\"340\">OS ANIMAMOS TAMBI\u00c9N A REUTILIZAR. AQU\u00cd TEN\u00c9IS LOS PASOS A SEGUIR:<\/strong><\/p>\t\t\t\t\t\t\t\t<\/div>\n\t\t\t\t<\/div>\n\t\t\t\t\t<\/div>\n\t\t\t\t<\/div>\n\t\t<div class=\"elementor-element elementor-element-b43bc30 e-flex e-con-boxed e-con e-parent\" data-id=\"b43bc30\" data-element_type=\"container\">\n\t\t\t\t\t<div class=\"e-con-inner\">\n\t\t\t\t<div class=\"elementor-element elementor-element-656b8b0 elementor-widget elementor-widget-text-editor\" data-id=\"656b8b0\" data-element_type=\"widget\" data-widget_type=\"text-editor.default\">\n\t\t\t\t<div class=\"elementor-widget-container\">\n\t\t\t\t\t\t\t\t\t<ol data-start=\"342\" data-end=\"540\"><li data-start=\"342\" data-end=\"396\"><p data-start=\"345\" data-end=\"396\">Compra yogur y leche en nuestros puntos de venta.<\/p><\/li><li data-start=\"397\" data-end=\"433\"><p data-start=\"400\" data-end=\"433\">Disfruta de nuestros productos.<\/p><\/li><li data-start=\"434\" data-end=\"540\"><p data-start=\"437\" data-end=\"540\">Limpia la botella o el envase y devu\u00e9lvelo al punto de venta. \u00a1Te reembolsaremos una parte del importe!<\/p><\/li><\/ol>\t\t\t\t\t\t\t\t<\/div>\n\t\t\t\t<\/div>\n\t\t\t\t<div class=\"elementor-element elementor-element-b6c4592 elementor-widget elementor-widget-image\" data-id=\"b6c4592\" data-element_type=\"widget\" data-widget_type=\"image.default\">\n\t\t\t\t<div class=\"elementor-widget-container\">\n\t\t\t\t\t\t\t\t\t\t\t\t\t\t\t<img loading=\"lazy\" decoding=\"async\" width=\"277\" height=\"300\" src=\"https:\/\/www.behieko.eus\/wp-content\/uploads\/2025\/06\/reutilizar-277x300.jpg\" class=\"attachment-medium size-medium wp-image-1517\" alt=\"\" srcset=\"https:\/\/www.behieko.eus\/wp-content\/uploads\/2025\/06\/reutilizar-277x300.jpg 277w, https:\/\/www.behieko.eus\/wp-content\/uploads\/2025\/06\/reutilizar-947x1024.jpg 947w, https:\/\/www.behieko.eus\/wp-content\/uploads\/2025\/06\/reutilizar-768x830.jpg 768w, https:\/\/www.behieko.eus\/wp-content\/uploads\/2025\/06\/reutilizar-1421x1536.jpg 1421w, https:\/\/www.behieko.eus\/wp-content\/uploads\/2025\/06\/reutilizar.jpg 1749w\" sizes=\"(max-width: 277px) 100vw, 277px\" \/>\t\t\t\t\t\t\t\t\t\t\t\t\t\t\t<\/div>\n\t\t\t\t<\/div>\n\t\t\t\t\t<\/div>\n\t\t\t\t<\/div>\n\t\t\t\t<\/div>\n\t\t","protected":false},"excerpt":{"rendered":"<p>Los productos de \u201cBEHIEKO\u201d no llevan ning\u00fan aditivo. Productos ecol\u00f3gicos YOGUR BATIDO &#8211; Contenido: 480 ml. Ingredientes: Leche de vaca, fermentos l\u00e1cticos, az\u00facar de panela. (Duraci\u00f3n: 3 semanas) YOGUR NATURAL ENTERO &#8211; Contenido: 400 ml. Ingredientes: Leche de vaca, fermentos l\u00e1cticos. (Duraci\u00f3n: 3 semanas) YOGUR NATURAL ENTERO &#8211; Contenido 130 ml. Ingredientes: Leche de vaca, [&hellip;]<\/p>\n","protected":false},"author":1,"featured_media":0,"parent":0,"menu_order":0,"comment_status":"closed","ping_status":"closed","template":"","meta":{"footnotes":""},"class_list":["post-1065","page","type-page","status-publish","hentry"],"_links":{"self":[{"href":"https:\/\/www.behieko.eus\/es\/wp-json\/wp\/v2\/pages\/1065","targetHints":{"allow":["GET"]}}],"collection":[{"href":"https:\/\/www.behieko.eus\/es\/wp-json\/wp\/v2\/pages"}],"about":[{"href":"https:\/\/www.behieko.eus\/es\/wp-json\/wp\/v2\/types\/page"}],"author":[{"embeddable":true,"href":"https:\/\/www.behieko.eus\/es\/wp-json\/wp\/v2\/users\/1"}],"replies":[{"embeddable":true,"href":"https:\/\/www.behieko.eus\/es\/wp-json\/wp\/v2\/comments?post=1065"}],"version-history":[{"count":61,"href":"https:\/\/www.behieko.eus\/es\/wp-json\/wp\/v2\/pages\/1065\/revisions"}],"predecessor-version":[{"id":1521,"href":"https:\/\/www.behieko.eus\/es\/wp-json\/wp\/v2\/pages\/1065\/revisions\/1521"}],"wp:attachment":[{"href":"https:\/\/www.behieko.eus\/es\/wp-json\/wp\/v2\/media?parent=1065"}],"curies":[{"name":"wp","href":"https:\/\/api.w.org\/{rel}","templated":true}]}}