{"id":903,"date":"2025-05-09T09:02:03","date_gmt":"2025-05-09T07:02:03","guid":{"rendered":"http:\/\/192.168.1.121\/sabekoetxea\/behieko-sabekoetxea\/"},"modified":"2025-06-04T12:46:58","modified_gmt":"2025-06-04T10:46:58","slug":"behieko-sabekoetxea","status":"publish","type":"page","link":"https:\/\/www.behieko.eus\/es\/behieko-sabekoetxea\/","title":{"rendered":"Behieko Sabekoetxea"},"content":{"rendered":"\t\t<div data-elementor-type=\"wp-page\" data-elementor-id=\"903\" class=\"elementor elementor-903 elementor-566\" data-elementor-post-type=\"page\">\n\t\t\t\t<div class=\"elementor-element elementor-element-9192593 e-flex e-con-boxed e-con e-parent\" data-id=\"9192593\" data-element_type=\"container\" data-settings=\"{&quot;background_background&quot;:&quot;classic&quot;}\">\n\t\t\t\t\t<div class=\"e-con-inner\">\n\t\t\t\t<div class=\"elementor-element elementor-element-1bb7ac4 elementor-widget elementor-widget-heading\" data-id=\"1bb7ac4\" data-element_type=\"widget\" data-widget_type=\"heading.default\">\n\t\t\t\t<div class=\"elementor-widget-container\">\n\t\t\t\t\t<h2 class=\"elementor-heading-title elementor-size-default\">Behieko Sabekoetxea<\/h2>\t\t\t\t<\/div>\n\t\t\t\t<\/div>\n\t\t\t\t\t<\/div>\n\t\t\t\t<\/div>\n\t\t<div class=\"elementor-element elementor-element-d34f6fc e-flex e-con-boxed e-con e-parent\" data-id=\"d34f6fc\" data-element_type=\"container\">\n\t\t\t\t\t<div class=\"e-con-inner\">\n\t\t\t\t<div class=\"elementor-element elementor-element-9f10475 elementor-widget elementor-widget-text-editor\" data-id=\"9f10475\" data-element_type=\"widget\" data-widget_type=\"text-editor.default\">\n\t\t\t\t<div class=\"elementor-widget-container\">\n\t\t\t\t\t\t\t\t\t<p><strong>Behieko Sabekoetxea<\/strong> es un proyecto creado por dos ganaderos, Gregorio y Ferm\u00edn, nacido del compromiso y la visi\u00f3n compartida entre Altzo y Anoeta, en el coraz\u00f3n de Gipuzkoa.<\/p><p><strong>Objetivo:<\/strong> En la queser\u00eda de Altzo, elaboramos productos l\u00e1cteos ecol\u00f3gicos de manera consciente, manteniendo el equilibrio entre tradici\u00f3n e innovaci\u00f3n.<\/p><p>Actualmente, contamos con un equipo de trabajo comprometido, esencial para afrontar las tareas diarias.<\/p><p>\u201cAqu\u00ed no solo elaboramos l\u00e1cteos; cada d\u00eda construimos una forma de vida m\u00e1s consciente, saludable y humana.\u201d<\/p><p>Todos juntos damos forma a un proyecto centrado en la persona, trabajando por procesos que respetan el ritmo natural.<\/p><p>Por eso elegimos lo <strong>ECOL\u00d3GICO<\/strong>, porque creemos en ello. No es una moda, es una responsabilidad.<\/p>\t\t\t\t\t\t\t\t<\/div>\n\t\t\t\t<\/div>\n\t\t\t\t<div class=\"elementor-element elementor-element-e9f8fbb elementor-widget elementor-widget-text-editor\" data-id=\"e9f8fbb\" data-element_type=\"widget\" data-widget_type=\"text-editor.default\">\n\t\t\t\t<div class=\"elementor-widget-container\">\n\t\t\t\t\t\t\t\t\t<p><strong>Behieko Sabekoetxea, somos<\/strong><\/p><p><strong>dos baserritarras en dos caser\u00edos,<\/strong><\/p><p><strong>Uno en Anoeta otro en Altzo,<\/strong><\/p><p><strong>en el coraz\u00f3n de Gipuzkoa,<\/strong><\/p><p><strong>cuidamos la tierra y los animales<\/strong><\/p><p><strong>como nuestros antepasados<\/strong><\/p><p><strong>y ponemos l\u00e1cteos ecol\u00f3gicos<\/strong><\/p><p><strong>a vuestra disposici\u00f3n<\/strong><\/p><p><strong>para que cuando los prob\u00e9is<\/strong><\/p><p><strong>sabore\u00e9is lo que nos da la tierra.<\/strong><\/p><p><strong>Behieko Sabekoetxea o<\/strong><\/p><p><strong>Sabekoetxea Behieko,<\/strong><\/p><p><strong>tanto los que trabajamos a diario<\/strong><\/p><p><strong>como los que nos ayudan<\/strong><\/p><p><strong>de vez en cuando,<\/strong><\/p><p><strong>cooperamos para llegar<\/strong><\/p><p><strong>a vuestros hogares&#8230;<\/strong><\/p><p><strong>Trabajamos para cuidarnos,<\/strong><\/p><p><strong>para mejorar nuestros productos&#8230;<\/strong><\/p><p><strong>Tanto los animales como nosotros<\/strong><\/p><p><strong>somos de casa.<\/strong><\/p>\t\t\t\t\t\t\t\t<\/div>\n\t\t\t\t<\/div>\n\t\t\t\t\t<\/div>\n\t\t\t\t<\/div>\n\t\t<div class=\"elementor-element elementor-element-3203b99 e-flex e-con-boxed e-con e-parent\" data-id=\"3203b99\" data-element_type=\"container\">\n\t\t\t\t\t<div class=\"e-con-inner\">\n\t\t<div class=\"elementor-element elementor-element-dc1de86 e-con-full e-flex e-con e-child\" data-id=\"dc1de86\" data-element_type=\"container\" data-settings=\"{&quot;background_background&quot;:&quot;classic&quot;}\">\n\t\t\t\t<\/div>\n\t\t\t\t\t<\/div>\n\t\t\t\t<\/div>\n\t\t<div class=\"elementor-element elementor-element-a5a1e0d e-flex e-con-boxed e-con e-parent\" data-id=\"a5a1e0d\" data-element_type=\"container\">\n\t\t\t\t\t<div class=\"e-con-inner\">\n\t\t\t\t<div class=\"elementor-element elementor-element-2181085 elementor-widget elementor-widget-button\" data-id=\"2181085\" data-element_type=\"widget\" data-widget_type=\"button.default\">\n\t\t\t\t<div class=\"elementor-widget-container\">\n\t\t\t\t\t\t\t\t\t<div class=\"elementor-button-wrapper\">\n\t\t\t\t\t<a class=\"elementor-button elementor-button-link elementor-size-sm\" href=\"https:\/\/ataria.eus\/tolosaldea\/1619528435663-bakoitzak-bere-aldetik-egin-beharrean-bion-artean-egitea-pentsatu-genuen-murua-zuaznabar-behieko\">\n\t\t\t\t\t\t<span class=\"elementor-button-content-wrapper\">\n\t\t\t\t\t\t\t\t\t<span class=\"elementor-button-text\">LEER M\u00c1S<\/span>\n\t\t\t\t\t<\/span>\n\t\t\t\t\t<\/a>\n\t\t\t\t<\/div>\n\t\t\t\t\t\t\t\t<\/div>\n\t\t\t\t<\/div>\n\t\t\t\t\t<\/div>\n\t\t\t\t<\/div>\n\t\t\t\t<\/div>\n\t\t","protected":false},"excerpt":{"rendered":"<p>Behieko Sabekoetxea Behieko Sabekoetxea es un proyecto creado por dos ganaderos, Gregorio y Ferm\u00edn, nacido del compromiso y la visi\u00f3n compartida entre Altzo y Anoeta, en el coraz\u00f3n de Gipuzkoa. Objetivo: En la queser\u00eda de Altzo, elaboramos productos l\u00e1cteos ecol\u00f3gicos de manera consciente, manteniendo el equilibrio entre tradici\u00f3n e innovaci\u00f3n. Actualmente, contamos con un equipo [&hellip;]<\/p>\n","protected":false},"author":1,"featured_media":0,"parent":0,"menu_order":0,"comment_status":"closed","ping_status":"closed","template":"","meta":{"footnotes":""},"class_list":["post-903","page","type-page","status-publish","hentry"],"_links":{"self":[{"href":"https:\/\/www.behieko.eus\/es\/wp-json\/wp\/v2\/pages\/903","targetHints":{"allow":["GET"]}}],"collection":[{"href":"https:\/\/www.behieko.eus\/es\/wp-json\/wp\/v2\/pages"}],"about":[{"href":"https:\/\/www.behieko.eus\/es\/wp-json\/wp\/v2\/types\/page"}],"author":[{"embeddable":true,"href":"https:\/\/www.behieko.eus\/es\/wp-json\/wp\/v2\/users\/1"}],"replies":[{"embeddable":true,"href":"https:\/\/www.behieko.eus\/es\/wp-json\/wp\/v2\/comments?post=903"}],"version-history":[{"count":55,"href":"https:\/\/www.behieko.eus\/es\/wp-json\/wp\/v2\/pages\/903\/revisions"}],"predecessor-version":[{"id":1489,"href":"https:\/\/www.behieko.eus\/es\/wp-json\/wp\/v2\/pages\/903\/revisions\/1489"}],"wp:attachment":[{"href":"https:\/\/www.behieko.eus\/es\/wp-json\/wp\/v2\/media?parent=903"}],"curies":[{"name":"wp","href":"https:\/\/api.w.org\/{rel}","templated":true}]}}