{"id":905,"date":"2025-05-06T12:42:34","date_gmt":"2025-05-06T10:42:34","guid":{"rendered":"http:\/\/192.168.1.121\/sabekoetxea\/ecoganadero\/"},"modified":"2025-06-03T15:43:16","modified_gmt":"2025-06-03T13:43:16","slug":"ecoganadero","status":"publish","type":"page","link":"https:\/\/www.behieko.eus\/es\/ecoganadero\/","title":{"rendered":"Ecoganader\u00eda"},"content":{"rendered":"\t\t<div data-elementor-type=\"wp-page\" data-elementor-id=\"905\" class=\"elementor elementor-905 elementor-230\" data-elementor-post-type=\"page\">\n\t\t\t\t<div class=\"elementor-element elementor-element-8626e2a e-flex e-con-boxed e-con e-parent\" data-id=\"8626e2a\" data-element_type=\"container\">\n\t\t\t\t\t<div class=\"e-con-inner\">\n\t\t\t\t<div class=\"elementor-element elementor-element-2c2b33a elementor--h-position-center elementor--v-position-middle elementor-arrows-position-inside elementor-pagination-position-inside elementor-widget elementor-widget-slides\" data-id=\"2c2b33a\" data-element_type=\"widget\" data-settings=\"{&quot;navigation&quot;:&quot;both&quot;,&quot;autoplay&quot;:&quot;yes&quot;,&quot;pause_on_hover&quot;:&quot;yes&quot;,&quot;pause_on_interaction&quot;:&quot;yes&quot;,&quot;autoplay_speed&quot;:5000,&quot;infinite&quot;:&quot;yes&quot;,&quot;transition&quot;:&quot;slide&quot;,&quot;transition_speed&quot;:500}\" data-widget_type=\"slides.default\">\n\t\t\t\t<div class=\"elementor-widget-container\">\n\t\t\t\t\t\t\t\t\t<div class=\"elementor-swiper\">\n\t\t\t\t\t<div class=\"elementor-slides-wrapper elementor-main-swiper swiper\" role=\"region\" aria-roledescription=\"carousel\" aria-label=\"Slides\" dir=\"ltr\" data-animation=\"fadeInUp\">\n\t\t\t\t<div class=\"swiper-wrapper elementor-slides\">\n\t\t\t\t\t\t\t\t\t\t<div class=\"elementor-repeater-item-077a85a swiper-slide\" role=\"group\" aria-roledescription=\"slide\"><div class=\"swiper-slide-bg\" role=\"img\" aria-label=\"vacas (1)\"><\/div><div class=\"swiper-slide-inner\" ><div class=\"swiper-slide-contents\"><\/div><\/div><\/div><div class=\"elementor-repeater-item-0238ef9 swiper-slide\" role=\"group\" aria-roledescription=\"slide\"><div class=\"swiper-slide-bg\" role=\"img\" aria-label=\"vacas1\"><\/div><div class=\"swiper-slide-inner\" ><div class=\"swiper-slide-contents\"><\/div><\/div><\/div><div class=\"elementor-repeater-item-bac56af swiper-slide\" role=\"group\" aria-roledescription=\"slide\"><div class=\"swiper-slide-bg\" role=\"img\" aria-label=\"vacas2 (1)\"><\/div><div class=\"swiper-slide-inner\" ><div class=\"swiper-slide-contents\"><\/div><\/div><\/div>\t\t\t\t<\/div>\n\t\t\t\t\t\t\t\t\t\t\t\t\t\t\t<div class=\"elementor-swiper-button elementor-swiper-button-prev\" role=\"button\" tabindex=\"0\" aria-label=\"Previous slide\">\n\t\t\t\t\t\t\t<svg aria-hidden=\"true\" class=\"e-font-icon-svg e-eicon-chevron-left\" viewBox=\"0 0 1000 1000\" xmlns=\"http:\/\/www.w3.org\/2000\/svg\"><path d=\"M646 125C629 125 613 133 604 142L308 442C296 454 292 471 292 487 292 504 296 521 308 533L604 854C617 867 629 875 646 875 663 875 679 871 692 858 704 846 713 829 713 812 713 796 708 779 692 767L438 487 692 225C700 217 708 204 708 187 708 171 704 154 692 142 675 129 663 125 646 125Z\"><\/path><\/svg>\t\t\t\t\t\t<\/div>\n\t\t\t\t\t\t<div class=\"elementor-swiper-button elementor-swiper-button-next\" role=\"button\" tabindex=\"0\" aria-label=\"Next slide\">\n\t\t\t\t\t\t\t<svg aria-hidden=\"true\" class=\"e-font-icon-svg e-eicon-chevron-right\" viewBox=\"0 0 1000 1000\" xmlns=\"http:\/\/www.w3.org\/2000\/svg\"><path d=\"M696 533C708 521 713 504 713 487 713 471 708 454 696 446L400 146C388 133 375 125 354 125 338 125 325 129 313 142 300 154 292 171 292 187 292 204 296 221 308 233L563 492 304 771C292 783 288 800 288 817 288 833 296 850 308 863 321 871 338 875 354 875 371 875 388 867 400 854L696 533Z\"><\/path><\/svg>\t\t\t\t\t\t<\/div>\n\t\t\t\t\t\t\t\t\t\t\t\t\t\t\t\t<div class=\"swiper-pagination\"><\/div>\n\t\t\t\t\t\t\t\t\t\t\t\t<\/div>\n\t\t\t\t<\/div>\n\t\t\t\t\t\t\t\t<\/div>\n\t\t\t\t<\/div>\n\t\t\t\t\t<\/div>\n\t\t\t\t<\/div>\n\t\t<div class=\"elementor-element elementor-element-f6ddeb3 e-flex e-con-boxed e-con e-parent\" data-id=\"f6ddeb3\" data-element_type=\"container\">\n\t\t\t\t\t<div class=\"e-con-inner\">\n\t\t<div class=\"elementor-element elementor-element-6451381 e-con-full e-flex e-con e-child\" data-id=\"6451381\" data-element_type=\"container\">\n\t\t\t\t<div class=\"elementor-element elementor-element-0eb68c3 elementor-widget elementor-widget-text-editor\" data-id=\"0eb68c3\" data-element_type=\"widget\" data-widget_type=\"text-editor.default\">\n\t\t\t\t<div class=\"elementor-widget-container\">\n\t\t\t\t\t\t\t\t\t<p class=\"\" data-start=\"260\" data-end=\"527\">Agroecolog\u00eda<\/p>\t\t\t\t\t\t\t\t<\/div>\n\t\t\t\t<\/div>\n\t\t\t\t<\/div>\n\t\t\t\t\t<\/div>\n\t\t\t\t<\/div>\n\t\t<div class=\"elementor-element elementor-element-6bde6ac e-flex e-con-boxed e-con e-parent\" data-id=\"6bde6ac\" data-element_type=\"container\">\n\t\t\t\t\t<div class=\"e-con-inner\">\n\t\t<div class=\"elementor-element elementor-element-be29260 e-con-full e-flex e-con e-child\" data-id=\"be29260\" data-element_type=\"container\">\n\t\t<div class=\"elementor-element elementor-element-e7fbe7e e-grid e-con-full e-con e-child\" data-id=\"e7fbe7e\" data-element_type=\"container\">\n\t\t\t\t<div class=\"elementor-element elementor-element-d97edf2 elementor-view-default elementor-position-block-start elementor-mobile-position-block-start elementor-widget elementor-widget-icon-box\" data-id=\"d97edf2\" data-element_type=\"widget\" data-widget_type=\"icon-box.default\">\n\t\t\t\t<div class=\"elementor-widget-container\">\n\t\t\t\t\t\t\t<div class=\"elementor-icon-box-wrapper\">\n\n\t\t\t\t\t\t<div class=\"elementor-icon-box-icon\">\n\t\t\t\t<span  class=\"elementor-icon\">\n\t\t\t\t<svg xmlns=\"http:\/\/www.w3.org\/2000\/svg\" id=\"Capa_1\" data-name=\"Capa 1\" viewBox=\"0 0 383.75 369.65\"><defs><style>      .cls-1 {        fill: #cccc1b;      }    <\/style><\/defs><path class=\"cls-1\" d=\"M.42,232.64c1.6-18.29,10.57-41.49,20.79-56.69,2.21-3.29,8.25-9.45,9.47-12.24,4.24-9.65,4.8-24.08,10.27-35.39s16.25-7.72,15.58,1.3c-.23,3.12-4.89,12.98-6.16,17.1-1.42,4.59-2.7,9.31-3.54,14.04,55.34,6.44,98.95,53.16,104.79,108.18,2.69,25.35-6.98,47.33-.84,72.7,2.07,8.56,9.82,19.03-2.86,22.39C79.42,382.18,6.94,325.33.42,256.6c-.58-6.16-.54-17.76,0-23.95ZM137.4,350.91c-3.41-13.33-5.14-27.04-3.73-40.78s4.49-24.76,2.97-39.67c-4.85-47.77-43.7-89.75-91.95-94.59-1.74,12.82-1.65,26.56.82,39.38l30.7,11.6c6.66,3.21,5.4,13.63-2.03,14.1-6.98.44-17.75-6.47-24.74-8.28,4.64,20.55,15.51,40.28,28.85,56.48,3.76,4.56,12.05,11.43,14.54,15.4,4.36,6.94-2.78,14.65-9.6,11.1-2.34-1.22-11.32-10.81-13.58-13.37-3.35-3.79-6.93-8.28-9.36-12.73-.67-.01-1.12-.42-1.47.44-.78,1.9-.34,4.96-1.6,7.32-2.78,5.22-11.35,4.93-13.56-.47-2.42-5.93,4.32-19.96,3.89-26.35-.14-2.14-6.65-14.64-8.01-18.19-4.47-11.71-8.35-25.61-9.82-38.08-.78-6.58-.47-13.29-1.6-19.73l-3.33,6.01c-20.16,44.67-6.68,97.8,31.45,127.94,22.94,18.14,52.05,25.94,81.18,22.48Z\"><\/path><path class=\"cls-1\" d=\"M193.05,356.41c.86-.84,2.04-1.33,3.19-1.67,4.04-1.19,29.43-4.29,30.17-7.25.16-.65-2.81-7.6-3.3-9.3-15.05-52.77,3.69-107.89,49.68-138.2,19.24-12.68,40.17-15.1,57.75-31.33,5.32-4.91,11.91-17.35,20.17-11.96,73.02,77.09,16.94,206.46-89.42,206.26-7.14-.01-17.47-2.85-23.95-2.33-4.89.4-14.15,4.35-19.83,5.63-4.72,1.07-14.73,3.45-19.12,3.38-6.53-.11-10.17-8.5-5.33-13.24ZM346.9,175.11c-.7-.4-1.5-.08-2.14.27-2.13,1.15-8.22,8.06-11.3,10.42-17.43,13.34-37.79,16.33-55.56,29.02-40.41,28.84-55.63,81.56-37.18,127.87,12.5-4.9,23.48-12.66,34.34-20.33-1.01-9.95-4.64-21.1-5.15-30.95-.38-7.5,2.67-12.73,10.92-9.4,5.28,2.13,5.95,22.13,7.03,27.75,15.78-14.6,27.87-34.8,35.19-55,1.69-4.66,4.55-17.92,7.06-20.63,4.53-4.89,12.96-1.13,13.02,4.89.03,3.11-3.7,14.53-4.91,18.19-1.73,5.27-4.22,10.33-6.19,15.51,2.44-.22,4.63-1.71,7.1-1.9,9.51-.74,11.87,10.06,3.89,14.4-4.72,2.56-19.03,4.99-22.03,7.55-2.57,2.19-9.65,14.13-12.95,18.1-8.95,10.77-19.49,20.11-30.75,28.38l-11.89,7.93c86.12-1.64,133.8-103.82,81.49-172.05Z\"><\/path><path class=\"cls-1\" d=\"M89.5,82.18c13.82,2.87,26.81,9.34,38.12,17.66,4.91,3.62,9.27,8.15,14.49,11.71,36.66,24.98,85.56,25.02,122.04-.3,3.66-2.54,23.75-19.12,22.91-22.61-4.6-3.42-9.42-6.75-14.41-9.56-4.07-2.29-13.59-7.48-17.71-8.5-1.3-.32-2.45-.77-3.74.02-7.69,5.8-15.73,14.65-23.72,19.71-7.47,4.73-15-1.72-11.66-9.42,1.1-2.53,13.67-11.25,16.66-14.02.97-.9,2.42-1.88,2.23-3.37-22.97-5.02-45.02-5.53-68.14-1.15-6.46,1.22-19.22,7.79-22.61-.54-4.51-11.08,13.78-13.13,20.98-14.56,5.49-1.09,11.12-1.44,16.62-2.47l-5.89-5.7c-2.67-5.18.24-11.57,6.27-11.58,6.87,0,15.96,14.18,22.4,16.59,3.97,1.49,16.07,1.52,21.54,2.41,18.32,2.97,37.01,9.96,52.98,19.24,1.03-1.34-8.19-12.8-9.74-14.58-25.28-28.93-65.05-41.52-102.68-33.86-4.72.96-15.56,5.48-19.15,4.54-4.47-1.17-6.26-5.18-5.38-9.61,1.04-5.22,13.99-7.94,18.68-9,57.06-12.93,112.68,14.05,138.38,65.99,1.98,3.99,3.51,10.28,5.75,13.71,2.35,3.6,11.56,10.56,15.33,14.61,2.1,2.26,11.76,13.36,12.37,15.32,2.16,6.86-3.22,12.49-10.11,10.11-2.85-.99-7.7-8.94-10.13-11.57-4.05-4.4-8.63-8.35-12.74-12.7-35.42,44.25-96.42,59.33-148.34,35.3-23.23-10.75-35.95-29.23-61.63-36.43-6.55-1.84-19.17-1.22-17.81-11.03.95-6.84,14.25-34.14,19.69-38,5.12-3.64,11.9-.3,12.09,5.73s-13.6,20.24-13.96,27.95Z\"><\/path><path class=\"cls-1\" d=\"M114.43,24.78c7.68-6.78,17.97,5.5,9.89,11.75s-17.07-5.42-9.89-11.75Z\"><\/path><\/svg>\t\t\t\t<\/span>\n\t\t\t<\/div>\n\t\t\t\n\t\t\t\t\t\t<div class=\"elementor-icon-box-content\">\n\n\t\t\t\t\t\t\t\t\t<h3 class=\"elementor-icon-box-title\">\n\t\t\t\t\t\t<span  >\n\t\t\t\t\t\t\tECOL\u00d3GICO\t\t\t\t\t\t<\/span>\n\t\t\t\t\t<\/h3>\n\t\t\t\t\n\t\t\t\t\t\t\t\t\t<p class=\"elementor-icon-box-description\">\n\t\t\t\t\t\tM\u00e1s all\u00e1 de la normativa europea, la producci\u00f3n ecol\u00f3gica se entiende en su sentido m\u00e1s amplio.\n \t\t\t\t\t<\/p>\n\t\t\t\t\n\t\t\t<\/div>\n\t\t\t\n\t\t<\/div>\n\t\t\t\t\t\t<\/div>\n\t\t\t\t<\/div>\n\t\t\t\t<div class=\"elementor-element elementor-element-934874c elementor-view-default elementor-position-block-start elementor-mobile-position-block-start elementor-widget elementor-widget-icon-box\" data-id=\"934874c\" data-element_type=\"widget\" data-widget_type=\"icon-box.default\">\n\t\t\t\t<div class=\"elementor-widget-container\">\n\t\t\t\t\t\t\t<div class=\"elementor-icon-box-wrapper\">\n\n\t\t\t\t\t\t<div class=\"elementor-icon-box-icon\">\n\t\t\t\t<span  class=\"elementor-icon\">\n\t\t\t\t<svg xmlns=\"http:\/\/www.w3.org\/2000\/svg\" id=\"Capa_1\" data-name=\"Capa 1\" viewBox=\"0 0 249.45 371.54\"><defs><style>      .cls-1 {        fill: #cccc1b;      }    <\/style><\/defs><path class=\"cls-1\" d=\"M112.25.45c72.06-5.9,134.43,46.39,137.14,119.16,1.26,33.91-19.34,74.53-34.8,104.44-25.39,49.12-55.86,95.43-83.61,143.19-3.46,5.03-7.87,6.07-11.72.76-27.85-48.35-58.74-95.06-84.35-144.7C19.45,193.33-1.85,150.78.13,116.63,3.55,57.65,52.98,5.3,112.25.45ZM115.99,12.43C59.85,16.56,14.16,64.14,12.11,120.38c-1.11,30.31,22.19,75.22,36.28,102.18,23.3,44.6,50.63,87.03,76.37,130.21,26.12-42.67,53.14-85.1,76.37-129.47,11.79-22.52,25.64-49.52,32.33-73.96C253.66,75.54,190.38,6.95,115.99,12.43Z\"><\/path><path class=\"cls-1\" d=\"M116.73,68.55c60.59-6.84,87.72,70,39.02,101.9-44.3,29.01-100.11-13.92-83.79-64.33,6.11-18.87,24.83-35.32,44.77-37.57ZM118.97,80.53c-33.16,3.82-49.04,44.6-28.26,70.51,21.61,26.94,65.77,19.24,75.78-14.01,9.36-31.11-15.34-60.2-47.52-56.5Z\"><\/path><\/svg>\t\t\t\t<\/span>\n\t\t\t<\/div>\n\t\t\t\n\t\t\t\t\t\t<div class=\"elementor-icon-box-content\">\n\n\t\t\t\t\t\t\t\t\t<h3 class=\"elementor-icon-box-title\">\n\t\t\t\t\t\t<span  >\n\t\t\t\t\t\t\tCERCANO\t\t\t\t\t\t<\/span>\n\t\t\t\t\t<\/h3>\n\t\t\t\t\n\t\t\t\t\t\t\t\t\t<p class=\"elementor-icon-box-description\">\n\t\t\t\t\t\tSon caserios adaptados y arraigados al entorno, a la sociedad, a la cultura y el ecosistema local.\n \t\t\t\t\t<\/p>\n\t\t\t\t\n\t\t\t<\/div>\n\t\t\t\n\t\t<\/div>\n\t\t\t\t\t\t<\/div>\n\t\t\t\t<\/div>\n\t\t\t\t<div class=\"elementor-element elementor-element-de0a210 elementor-view-default elementor-position-block-start elementor-mobile-position-block-start elementor-widget elementor-widget-icon-box\" data-id=\"de0a210\" data-element_type=\"widget\" data-widget_type=\"icon-box.default\">\n\t\t\t\t<div class=\"elementor-widget-container\">\n\t\t\t\t\t\t\t<div class=\"elementor-icon-box-wrapper\">\n\n\t\t\t\t\t\t<div class=\"elementor-icon-box-icon\">\n\t\t\t\t<span  class=\"elementor-icon\">\n\t\t\t\t<svg xmlns=\"http:\/\/www.w3.org\/2000\/svg\" id=\"Capa_1\" data-name=\"Capa 1\" viewBox=\"0 0 322.53 302.66\"><defs><style>      .cls-1 {        fill: #cccc1b;      }    <\/style><\/defs><path class=\"cls-1\" d=\"M152.89,96.2c49.07-4.72,92.85,36.72,89.22,86.23-3.02,41.23-39.07,71.49-63.6,101.08-3.86,4.66-9.02,13.62-12.74,17.2-2.01,1.94-4.13,2.39-6.78,1.54-2.2-.71-12.33-15.57-14.95-18.74-27.66-33.38-67.79-65.96-63.51-114.45,3.23-36.67,35.75-69.34,72.36-72.86ZM155.14,108.18c-30.55,2.71-57.14,27.66-61.86,57.91-6.72,43.03,29.75,74.41,54.91,103.54,1.86,2.15,12.17,15.96,13.39,15.7,26.95-36.16,78.76-72.68,66.69-124.23-7.63-32.61-39.66-55.89-73.13-52.92Z\"><\/path><path class=\"cls-1\" d=\"M253.23,38.53c27.49-1.04,42.07,33.04,21.47,52.23-23.33,21.74-60.35-4.32-47.91-33.69,4.35-10.26,15.24-18.12,26.44-18.54ZM250.16,51.25c-17.75,3.04-17.79,32.39.63,34.94,28.79,3.99,28.11-39.86-.63-34.94Z\"><\/path><path class=\"cls-1\" d=\"M66.84,38.53c26.18-.99,41.5,30.63,23.35,50.36-20.97,22.8-57.85,2.68-51.48-26.77,2.75-12.69,15.17-23.1,28.13-23.58ZM63.77,51.25c-4.34.74-9.74,5.44-11.65,9.31-8.19,16.65,11.23,33.13,26.01,23.02,15.76-10.78,6.26-35.87-14.37-32.33Z\"><\/path><path class=\"cls-1\" d=\"M156.61.36c40.75-5.59,46.8,55.17,8.71,59.61-39.86,4.65-46.05-54.49-8.71-59.61ZM158.85,12.34c-22.42,3-19.05,37.03,3.52,35.75,24-1.36,20.84-39-3.52-35.75Z\"><\/path><path class=\"cls-1\" d=\"M24.86,132.11c40.75-5.59,46.8,55.17,8.71,59.61-39.86,4.65-46.05-54.49-8.71-59.61ZM27.11,144.09c-22.42,3-19.05,37.03,3.52,35.75,24-1.36,20.84-39-3.52-35.75Z\"><\/path><path class=\"cls-1\" d=\"M288.35,132.11c40.75-5.59,46.8,55.17,8.71,59.61-39.86,4.65-46.05-54.49-8.71-59.61ZM290.6,144.09c-22.42,3-19.05,37.03,3.52,35.75,24-1.36,20.84-39-3.52-35.75Z\"><\/path><path class=\"cls-1\" d=\"M155.88,126.14c49.14-5.01,76.64,57.18,37.93,89.58-38.72,32.41-95.39-5.73-81.21-53.51,5.6-18.88,23.57-34.06,43.27-36.07ZM188.71,149.39c-36.13-36.13-91.01,18.72-54.87,54.87,36.11,36.13,91.02-18.72,54.87-54.87Z\"><\/path><\/svg>\t\t\t\t<\/span>\n\t\t\t<\/div>\n\t\t\t\n\t\t\t\t\t\t<div class=\"elementor-icon-box-content\">\n\n\t\t\t\t\t\t\t\t\t<h3 class=\"elementor-icon-box-title\">\n\t\t\t\t\t\t<span  >\n\t\t\t\t\t\t\tCASER\u00cdOS PEQUE\u00d1OS\t\t\t\t\t\t<\/span>\n\t\t\t\t\t<\/h3>\n\t\t\t\t\n\t\t\t\t\t\t\t\t\t<p class=\"elementor-icon-box-description\">\n\t\t\t\t\t\tSe basan en la comunidad: el cuidado y la vida del territorio y de las personas est\u00e1n en el centro.\n\t\t\t\t\t<\/p>\n\t\t\t\t\n\t\t\t<\/div>\n\t\t\t\n\t\t<\/div>\n\t\t\t\t\t\t<\/div>\n\t\t\t\t<\/div>\n\t\t\t\t<div class=\"elementor-element elementor-element-fb4c503 elementor-view-default elementor-position-block-start elementor-mobile-position-block-start elementor-widget elementor-widget-icon-box\" data-id=\"fb4c503\" data-element_type=\"widget\" data-widget_type=\"icon-box.default\">\n\t\t\t\t<div class=\"elementor-widget-container\">\n\t\t\t\t\t\t\t<div class=\"elementor-icon-box-wrapper\">\n\n\t\t\t\t\t\t<div class=\"elementor-icon-box-icon\">\n\t\t\t\t<span  class=\"elementor-icon\">\n\t\t\t\t<svg xmlns=\"http:\/\/www.w3.org\/2000\/svg\" id=\"Capa_1\" data-name=\"Capa 1\" viewBox=\"0 0 383.24 309.24\"><defs><style>      .cls-1 {        fill: #cccc1b;      }    <\/style><\/defs><path class=\"cls-1\" d=\"M0,112.3c7.25-14.07,27.96-14.76,40.36-7.05,2.5,1.55,4.14,3.95,6.8,4.8v-31.06c0-3.55,9.56-5.82,11.07.91,1.8,14.81-1.85,33.44.12,47.78.13.97,4.2,8.93,4.63,9.21,1.24.79,7.22-1.22,9.26-1.38,27.11-2.05,46.72,23.42,36.18,48.91-1.99,4.82-7.92,14.87-14.1,12.07-8.27-3.75,3.4-13.74,4.72-19.21,4.22-17.55-9.33-33.04-27.22-30.22-5.44.86-10.77,6.41-15.27,1.13-10.97-12.86-15.17-43.26-40.06-35.5-6.24,1.94-5.73,2.52-3.14,7.59,18.3,35.83,41.73,69.66,61.63,104.54,2.39,4.19,6.61,14.24,6.61,18.84v53.52h80.84v-52.02c0-12.19,8.43-21.27,14.07-30.84,1.53-2.6,6.59-11.05,4.63-13.32-3.9-4.51-19.94-9.02-16.07-17.59.86-1.91,4.3-3.19,6.34-2.69,4.46,1.09,13.62,10.81,18.76,12.78,3.15,1.13,8.32-3.4,11.11-5.32,22.29-15.34,67-53.52,50.62-84.14-9.65-18.04-34.64-22.09-49.06-7.12-3.95,4.1-6.19,12.9-13.49,10.54-3.41-1.1-5.8-7.02-8.22-9.75-12.84-14.53-36.18-12.75-47.44,2.66-13.85,18.96-.56,41.24,12.3,56.43,3.46,4.08,13.23,10,8.58,16.11-4.12,5.42-9.64-.6-12.73-3.73-10.9-11.03-23.99-30.24-25.1-46.01-2.19-31.27,2.24-65.35.06-96.63-.33-4.74-.8-10.1-5.02-12.95-7.78-5.25-17.12-.88-18.63,8.07l-.32,91c-.54,6.86-10.14,6.6-11.2-.06-1.76-25.37,2.19-53.55-.01-78.58-.97-11.01-13.46-15.9-20.63-7.1-6.26,7.67.84,28.24-4.86,32.57-3.06,2.32-8.28.61-8.96-3-.77-4.11-.54-21.61-.02-26.18,1.82-16.08,22.53-24.5,35.57-15.41,9.62-19.91,34.53-19.88,44.14,0,16.88-10.7,37.86,2.89,35.57,22.52,7.51-3.74,14.88-4.33,22.46-.38,2.68,1.4,4.48,3.39,7,4.83,7.7-8.06,19.1-9.79,28.91-4.44-2.37-19.63,18.67-33.2,35.58-22.52,9.62-19.9,34.53-19.89,44.14,0,13.81-9.14,33.86-.65,35.56,16.17,1.46,14.51-.94,31.47-.15,46.24-1.18,5.14-9.65,4.89-10.91-.75-1.52-13.91,1.49-30.44-.14-44.02s-21.67-13.77-23.22.76l-.04,79.3c-1.02,6.44-10.47,7.54-11.22-.67-2.61-28.49,2.19-60.77-.16-89.66-1.17-8.92-10.34-14.04-18.3-8.97-4.52,2.88-5.13,8.25-5.48,13.23-2.22,31.44,2.53,66.08.06,97.37s-41.38,61.54-65.07,77.95c-1.37,4.19,12.69,22.16,15.03,27.43,1.48,3.33,4.36,12.5,4.36,15.85v52.02h80.84v-53.52c0-4.6,4.22-14.65,6.61-18.84,19.9-34.88,43.33-68.71,61.63-104.54,2.59-5.07,3.09-5.65-3.14-7.59-24.88-7.76-29.09,22.64-40.06,35.5-4.51,5.28-9.84-.27-15.27-1.13-20.36-3.21-35.08,17.92-24.59,35.82,2.27,3.87,6.5,5.91,4.52,10.81-2.83,7-9.43,1.85-12.47-2.12-18.81-24.61,1.48-58.38,32.11-56.06,2.04.15,8.02,2.17,9.26,1.38.41-.26,4.48-8.06,4.56-8.53,1.17-6.32-1.97-27.12,1.74-30.82,2.9-2.89,9.52-.75,9.52,1.66v10.85c2.96-1.18,4.8-3.7,7.74-5.36,9.77-5.54,26.62-6.3,35.32,1.61,6.11,5.56,4.39,12.17,1.24,18.48-18.72,37.47-44.67,74.14-64.87,111.04-6.72,18.03.02,45.54-2.7,64.67-.63,4.41-4.25,7.28-8.52,7.94-27.44-1.96-58.36,2.55-85.38.01-4.52-.42-8.77-3.06-9.34-7.87-2.31-19.45,4.45-50.42-4.07-67.79-1.77-3.62-4.91-6.83-7-10.22-1.23-2-5.84-12.05-6.51-12.21-1.45-.36-.97.44-1.29.97-2.11,3.42-3.7,7.61-5.95,11.25-2.09,3.39-5.22,6.6-7,10.22-8.52,17.37-1.76,48.34-4.07,67.79-.57,4.78-4.79,7.45-9.34,7.87-26.8,2.51-57.44-1.97-84.65,0-5.09-.4-8.74-3.56-9.32-8.65-2.41-21.17,5.25-50.66-5.39-69.47-1.76-3.12-4.36-5.8-6.15-8.82C38.78,187.88,19.95,153.48,0,119.78v-7.49ZM128,31.08v58.01c6.68-6,14.5-10.32,23.25-12.43-1.01-13.77,1.18-29.03-.02-42.61-.89-10.1-11.98-15.49-19.67-8.59-.69.62-3.43,4.96-3.57,5.63ZM255.25,89.09V31.08c0-.33-2.93-5.06-3.57-5.63-7.69-6.91-18.78-1.51-19.67,8.59-1.2,13.58.99,28.84-.02,42.61,8.67,2.19,16.7,6.3,23.25,12.43ZM185.64,86.1v-32.56c0-.27-2.53-3.91-3.07-4.42-5.52-5.23-14.65-4.36-18.53,2.28-2.12,3.63-2.21,18.57-1.64,23.13.46,3.65,4.74,2.59,8.27,3.7,5.68,1.79,10.09,4.59,14.97,7.86ZM197.61,86.1c4.88-3.27,9.29-6.08,14.97-7.86,3.54-1.11,7.82-.05,8.27-3.7.59-4.69.47-18.63-1.51-22.51-3.66-7.18-12.88-8.38-18.66-2.9-.54.51-3.07,4.15-3.07,4.42v32.56Z\"><\/path><\/svg>\t\t\t\t<\/span>\n\t\t\t<\/div>\n\t\t\t\n\t\t\t\t\t\t<div class=\"elementor-icon-box-content\">\n\n\t\t\t\t\t\t\t\t\t<h3 class=\"elementor-icon-box-title\">\n\t\t\t\t\t\t<span  >\n\t\t\t\t\t\t\tECONOM\u00cdA SOCIAL Y SOLIDARIA\t\t\t\t\t\t<\/span>\n\t\t\t\t\t<\/h3>\n\t\t\t\t\n\t\t\t\t\t\t\t\t\t<p class=\"elementor-icon-box-description\">\n\t\t\t\t\t\tEn un intento por cerrar lo m\u00e1s posible los ciclos de las redes alimentarias locales, se pone el foco en  peque\u00f1os caserios  diversificados.\t\t\t\t\t<\/p>\n\t\t\t\t\n\t\t\t<\/div>\n\t\t\t\n\t\t<\/div>\n\t\t\t\t\t\t<\/div>\n\t\t\t\t<\/div>\n\t\t\t\t<\/div>\n\t\t\t\t<\/div>\n\t\t\t\t\t<\/div>\n\t\t\t\t<\/div>\n\t\t\t\t<\/div>\n\t\t","protected":false},"excerpt":{"rendered":"<p>Agroecolog\u00eda ECOL\u00d3GICO M\u00e1s all\u00e1 de la normativa europea, la producci\u00f3n ecol\u00f3gica se entiende en su sentido m\u00e1s amplio. CERCANO Son caserios adaptados y arraigados al entorno, a la sociedad, a la cultura y el ecosistema local. CASER\u00cdOS PEQUE\u00d1OS Se basan en la comunidad: el cuidado y la vida del territorio y de las personas est\u00e1n [&hellip;]<\/p>\n","protected":false},"author":1,"featured_media":0,"parent":0,"menu_order":0,"comment_status":"closed","ping_status":"closed","template":"","meta":{"footnotes":""},"class_list":["post-905","page","type-page","status-publish","hentry"],"_links":{"self":[{"href":"https:\/\/www.behieko.eus\/es\/wp-json\/wp\/v2\/pages\/905","targetHints":{"allow":["GET"]}}],"collection":[{"href":"https:\/\/www.behieko.eus\/es\/wp-json\/wp\/v2\/pages"}],"about":[{"href":"https:\/\/www.behieko.eus\/es\/wp-json\/wp\/v2\/types\/page"}],"author":[{"embeddable":true,"href":"https:\/\/www.behieko.eus\/es\/wp-json\/wp\/v2\/users\/1"}],"replies":[{"embeddable":true,"href":"https:\/\/www.behieko.eus\/es\/wp-json\/wp\/v2\/comments?post=905"}],"version-history":[{"count":17,"href":"https:\/\/www.behieko.eus\/es\/wp-json\/wp\/v2\/pages\/905\/revisions"}],"predecessor-version":[{"id":1486,"href":"https:\/\/www.behieko.eus\/es\/wp-json\/wp\/v2\/pages\/905\/revisions\/1486"}],"wp:attachment":[{"href":"https:\/\/www.behieko.eus\/es\/wp-json\/wp\/v2\/media?parent=905"}],"curies":[{"name":"wp","href":"https:\/\/api.w.org\/{rel}","templated":true}]}}