{"id":909,"date":"2025-04-30T13:22:50","date_gmt":"2025-04-30T11:22:50","guid":{"rendered":"http:\/\/192.168.1.121\/sabekoetxea\/inicio\/"},"modified":"2025-06-03T14:51:06","modified_gmt":"2025-06-03T12:51:06","slug":"inicio","status":"publish","type":"page","link":"https:\/\/www.behieko.eus\/es\/","title":{"rendered":"Inicio"},"content":{"rendered":"\t\t<div data-elementor-type=\"wp-post\" data-elementor-id=\"909\" class=\"elementor elementor-909 elementor-15\" data-elementor-post-type=\"page\">\n\t\t\t\t<div class=\"elementor-element elementor-element-1f58f4d e-flex e-con-boxed e-con e-parent\" data-id=\"1f58f4d\" data-element_type=\"container\">\n\t\t\t\t\t<div class=\"e-con-inner\">\n\t\t\t\t<div class=\"elementor-element elementor-element-7a0c7bd elementor--v-position-top elementor--h-position-center elementor-widget elementor-widget-slides\" data-id=\"7a0c7bd\" data-element_type=\"widget\" data-settings=\"{&quot;autoplay_speed&quot;:4000,&quot;navigation&quot;:&quot;none&quot;,&quot;transition_speed&quot;:1000,&quot;transition&quot;:&quot;fade&quot;,&quot;autoplay&quot;:&quot;yes&quot;,&quot;pause_on_hover&quot;:&quot;yes&quot;,&quot;pause_on_interaction&quot;:&quot;yes&quot;,&quot;infinite&quot;:&quot;yes&quot;}\" data-widget_type=\"slides.default\">\n\t\t\t\t<div class=\"elementor-widget-container\">\n\t\t\t\t\t\t\t\t\t<div class=\"elementor-swiper\">\n\t\t\t\t\t<div class=\"elementor-slides-wrapper elementor-main-swiper swiper\" role=\"region\" aria-roledescription=\"carousel\" aria-label=\"Slides\" dir=\"ltr\" data-animation=\"fadeInUp\">\n\t\t\t\t<div class=\"swiper-wrapper elementor-slides\">\n\t\t\t\t\t\t\t\t\t\t<div class=\"elementor-repeater-item-4d59586 swiper-slide\" role=\"group\" aria-roledescription=\"slide\"><div class=\"swiper-slide-bg\" role=\"img\" aria-label=\"baserritarras (2)\"><\/div><div class=\"swiper-slide-inner\" ><div class=\"swiper-slide-contents\"><div class=\"elementor-slide-heading\">Agricultura ecol\u00f3gica<\/div><div class=\"elementor-slide-description\">Equilibrio de la tierra, <br>futuro de los agricultores, salud del consumidor.<br>\nCuida de ti mismo y de tu entorno\n<\/div><\/div><\/div><\/div><div class=\"elementor-repeater-item-077a85a swiper-slide\" role=\"group\" aria-roledescription=\"slide\"><div class=\"swiper-slide-bg\" role=\"img\" aria-label=\"vacas2\"><\/div><div class=\"swiper-slide-inner\" ><div class=\"swiper-slide-contents\"><div class=\"elementor-slide-heading\">Alimentado con pastos <br>de nuestros caserios<br><\/div><div class=\"elementor-slide-description\">LOCAL, DE TEMPORADA, ECOL\u00d3GICO.<\/div><\/div><\/div><\/div><div class=\"elementor-repeater-item-0238ef9 swiper-slide\" role=\"group\" aria-roledescription=\"slide\"><div class=\"swiper-slide-bg\" role=\"img\" aria-label=\"baserri-Fermin-1\"><\/div><div class=\"swiper-slide-inner\" ><div class=\"swiper-slide-contents\"><div class=\"elementor-slide-heading\">Lacteos ecol\u00f3gicos<\/div><div class=\"elementor-slide-description\"><p>Sin aditivos sint\u00e9ticos <br \/>ni transg\u00e9nicos<\/p>\n<\/div><\/div><\/div><\/div><div class=\"elementor-repeater-item-bac56af swiper-slide\" role=\"group\" aria-roledescription=\"slide\"><div class=\"swiper-slide-bg\" role=\"img\" aria-label=\"berakoetxe\"><\/div><div class=\"swiper-slide-inner\" ><div class=\"swiper-slide-contents\"><\/div><\/div><\/div>\t\t\t\t<\/div>\n\t\t\t\t\t\t\t\t\t\t\t\t\t\t\t\t\t\t\t\t\t<\/div>\n\t\t\t\t<\/div>\n\t\t\t\t\t\t\t\t<\/div>\n\t\t\t\t<\/div>\n\t\t\t\t\t<\/div>\n\t\t\t\t<\/div>\n\t\t<div class=\"elementor-element elementor-element-3093a30 e-flex e-con-boxed e-con e-parent\" data-id=\"3093a30\" data-element_type=\"container\">\n\t\t\t\t\t<div class=\"e-con-inner\">\n\t\t<div class=\"elementor-element elementor-element-518a8d2 e-con-full e-flex e-con e-child\" data-id=\"518a8d2\" data-element_type=\"container\">\n\t\t\t\t<div class=\"elementor-element elementor-element-af0e0cd elementor-widget elementor-widget-heading\" data-id=\"af0e0cd\" data-element_type=\"widget\" data-widget_type=\"heading.default\">\n\t\t\t\t<div class=\"elementor-widget-container\">\n\t\t\t\t\t<h2 class=\"elementor-heading-title elementor-size-default\">Bienvenido<br>Behieko Sabekoetxea<\/h2>\t\t\t\t<\/div>\n\t\t\t\t<\/div>\n\t\t\t\t<div class=\"elementor-element elementor-element-3714959 elementor-widget elementor-widget-text-editor\" data-id=\"3714959\" data-element_type=\"widget\" data-widget_type=\"text-editor.default\">\n\t\t\t\t<div class=\"elementor-widget-container\">\n\t\t\t\t\t\t\t\t\t<p>\u201cBehieko Sabekoetxea\u201d es un proyecto creado por 2 baserritarras de Gipuzkoa. Nos pusimos en marcha en 2009, con el objetivo de transformar y comercializar la leche de vaca ecol\u00f3gica que producimos.<\/p><p>Nuestros caserios est\u00e1n en Anoeta y Altzo y apostamos por vivir en un entorno rural.<\/p><p>Nuestros productos son ecol\u00f3gicos, cuidamos nuestro ganado y nuestra tierra, para obtener alimentos ricos y saludables, sin uso de qu\u00edmicos sint\u00e9ticos.<\/p><p>Trabajamos cada d\u00eda para mejorar y preservar el medio ambiente.<\/p>\t\t\t\t\t\t\t\t<\/div>\n\t\t\t\t<\/div>\n\t\t\t\t<\/div>\n\t\t\t\t\t<\/div>\n\t\t\t\t<\/div>\n\t\t<div class=\"elementor-element elementor-element-8e9af36 e-flex e-con-boxed e-con e-parent\" data-id=\"8e9af36\" data-element_type=\"container\">\n\t\t\t\t\t<div class=\"e-con-inner\">\n\t\t\t\t<div class=\"elementor-element elementor-element-ecafc01 elementor-widget elementor-widget-image\" data-id=\"ecafc01\" data-element_type=\"widget\" data-widget_type=\"image.default\">\n\t\t\t\t<div class=\"elementor-widget-container\">\n\t\t\t\t\t\t\t\t\t\t\t\t\t\t\t<img decoding=\"async\" width=\"236\" height=\"121\" src=\"https:\/\/www.behieko.eus\/wp-content\/uploads\/2025\/05\/SELLO-1.jpg\" class=\"attachment-large size-large wp-image-872\" alt=\"\" \/>\t\t\t\t\t\t\t\t\t\t\t\t\t\t\t<\/div>\n\t\t\t\t<\/div>\n\t\t\t\t\t<\/div>\n\t\t\t\t<\/div>\n\t\t\t\t<\/div>\n\t\t","protected":false},"excerpt":{"rendered":"<p>Agricultura ecol\u00f3gicaEquilibrio de la tierra, futuro de los agricultores, salud del consumidor. Cuida de ti mismo y de tu entorno Alimentado con pastos de nuestros caseriosLOCAL, DE TEMPORADA, ECOL\u00d3GICO.Lacteos ecol\u00f3gicos Sin aditivos sint\u00e9ticos ni transg\u00e9nicos BienvenidoBehieko Sabekoetxea \u201cBehieko Sabekoetxea\u201d es un proyecto creado por 2 baserritarras de Gipuzkoa. Nos pusimos en marcha en 2009, con [&hellip;]<\/p>\n","protected":false},"author":1,"featured_media":0,"parent":0,"menu_order":0,"comment_status":"closed","ping_status":"closed","template":"","meta":{"footnotes":""},"class_list":["post-909","page","type-page","status-publish","hentry"],"_links":{"self":[{"href":"https:\/\/www.behieko.eus\/es\/wp-json\/wp\/v2\/pages\/909","targetHints":{"allow":["GET"]}}],"collection":[{"href":"https:\/\/www.behieko.eus\/es\/wp-json\/wp\/v2\/pages"}],"about":[{"href":"https:\/\/www.behieko.eus\/es\/wp-json\/wp\/v2\/types\/page"}],"author":[{"embeddable":true,"href":"https:\/\/www.behieko.eus\/es\/wp-json\/wp\/v2\/users\/1"}],"replies":[{"embeddable":true,"href":"https:\/\/www.behieko.eus\/es\/wp-json\/wp\/v2\/comments?post=909"}],"version-history":[{"count":22,"href":"https:\/\/www.behieko.eus\/es\/wp-json\/wp\/v2\/pages\/909\/revisions"}],"predecessor-version":[{"id":1458,"href":"https:\/\/www.behieko.eus\/es\/wp-json\/wp\/v2\/pages\/909\/revisions\/1458"}],"wp:attachment":[{"href":"https:\/\/www.behieko.eus\/es\/wp-json\/wp\/v2\/media?parent=909"}],"curies":[{"name":"wp","href":"https:\/\/api.w.org\/{rel}","templated":true}]}}