{"id":911,"date":"2025-04-30T15:43:25","date_gmt":"2025-04-30T13:43:25","guid":{"rendered":"http:\/\/192.168.1.121\/sabekoetxea\/proceso\/"},"modified":"2025-05-29T09:27:59","modified_gmt":"2025-05-29T07:27:59","slug":"proceso","status":"publish","type":"page","link":"https:\/\/www.behieko.eus\/es\/proceso\/","title":{"rendered":"Proceso"},"content":{"rendered":"\t\t<div data-elementor-type=\"wp-page\" data-elementor-id=\"911\" class=\"elementor elementor-911 elementor-52\" data-elementor-post-type=\"page\">\n\t\t\t\t<div class=\"elementor-element elementor-element-bc4dc1a e-flex e-con-boxed e-con e-parent\" data-id=\"bc4dc1a\" data-element_type=\"container\" data-settings=\"{&quot;background_background&quot;:&quot;video&quot;,&quot;background_video_link&quot;:&quot;https:\\\/\\\/www.behieko.eus\\\/wp-content\\\/uploads\\\/2025\\\/05\\\/Sabekoetxea-COMPRIMIDO.mp4&quot;}\">\n\t\t\t\t\t<div class=\"e-con-inner\">\n\t\t<div class=\"elementor-background-video-container elementor-hidden-mobile\">\n\t\t\t\t\t\t\t<video class=\"elementor-background-video-hosted\" role=\"presentation\" autoplay muted playsinline loop><\/video>\n\t\t\t\t\t<\/div>\t\t\t<\/div>\n\t\t\t\t<\/div>\n\t\t<div class=\"elementor-element elementor-element-bb1e43a e-flex e-con-boxed e-con e-parent\" data-id=\"bb1e43a\" data-element_type=\"container\">\n\t\t\t\t\t<div class=\"e-con-inner\">\n\t\t\t\t<div class=\"elementor-element elementor-element-c75ff54 elementor-widget elementor-widget-heading\" data-id=\"c75ff54\" data-element_type=\"widget\" data-widget_type=\"heading.default\">\n\t\t\t\t<div class=\"elementor-widget-container\">\n\t\t\t\t\t<h2 class=\"elementor-heading-title elementor-size-default\">EL PROCESO DE BEHIEKO SABEKOETXEA<\/h2>\t\t\t\t<\/div>\n\t\t\t\t<\/div>\n\t\t\t\t<div class=\"elementor-element elementor-element-e922fa7 elementor-widget elementor-widget-text-editor\" data-id=\"e922fa7\" data-element_type=\"widget\" data-widget_type=\"text-editor.default\">\n\t\t\t\t<div class=\"elementor-widget-container\">\n\t\t\t\t\t\t\t\t\t<p>En Sabekoetxea, los animales ocupan un lugar fundamental, creemos en el bienestar de los animales como nuestro objetivo principal. Respetamos a nuestros animales y cuidamos cada paso del trabajo.<\/p><p>Nos hacemos cargo de todo el proceso nosotros mismos, desde el cuidado de las vacas hasta la comercializaci\u00f3n de nuestros productos.<\/p>\t\t\t\t\t\t\t\t<\/div>\n\t\t\t\t<\/div>\n\t\t\t\t\t<\/div>\n\t\t\t\t<\/div>\n\t\t<div class=\"elementor-element elementor-element-2e67c81 e-flex e-con-boxed e-con e-parent\" data-id=\"2e67c81\" data-element_type=\"container\" data-settings=\"{&quot;background_background&quot;:&quot;classic&quot;}\">\n\t\t\t\t\t<div class=\"e-con-inner\">\n\t\t\t\t<div class=\"elementor-element elementor-element-93be891 elementor-widget elementor-widget-image\" data-id=\"93be891\" data-element_type=\"widget\" data-widget_type=\"image.default\">\n\t\t\t\t<div class=\"elementor-widget-container\">\n\t\t\t\t\t\t\t\t\t\t\t\t\t\t\t<img decoding=\"async\" src=\"https:\/\/www.behieko.eus\/wp-content\/uploads\/2025\/05\/Group-63-1.jpg\" title=\"Group 63 (1)\" alt=\"Group 63 (1)\" loading=\"lazy\" \/>\t\t\t\t\t\t\t\t\t\t\t\t\t\t\t<\/div>\n\t\t\t\t<\/div>\n\t\t\t\t\t<\/div>\n\t\t\t\t<\/div>\n\t\t<div class=\"elementor-element elementor-element-39bcaf0 e-flex e-con-boxed e-con e-parent\" data-id=\"39bcaf0\" data-element_type=\"container\">\n\t\t\t\t\t<div class=\"e-con-inner\">\n\t\t<div class=\"elementor-element elementor-element-22529a3 e-con-full e-flex e-con e-child\" data-id=\"22529a3\" data-element_type=\"container\">\n\t\t\t\t<div class=\"elementor-element elementor-element-e65bcfe elementor-widget elementor-widget-image\" data-id=\"e65bcfe\" data-element_type=\"widget\" data-widget_type=\"image.default\">\n\t\t\t\t<div class=\"elementor-widget-container\">\n\t\t\t\t\t\t\t\t\t\t\t\t\t\t\t<img decoding=\"async\" src=\"https:\/\/www.behieko.eus\/wp-content\/uploads\/2025\/05\/B6.webp\" title=\"B6\" alt=\"B6\" loading=\"lazy\" \/>\t\t\t\t\t\t\t\t\t\t\t\t\t\t\t<\/div>\n\t\t\t\t<\/div>\n\t\t\t\t<\/div>\n\t\t<div class=\"elementor-element elementor-element-8d75d18 e-con-full e-flex e-con e-child\" data-id=\"8d75d18\" data-element_type=\"container\">\n\t\t<div class=\"elementor-element elementor-element-dbc0c98 e-con-full e-flex e-con e-child\" data-id=\"dbc0c98\" data-element_type=\"container\">\n\t\t<div class=\"elementor-element elementor-element-ba0425d e-con-full e-flex e-con e-child\" data-id=\"ba0425d\" data-element_type=\"container\">\n\t\t\t\t<div class=\"elementor-element elementor-element-f6af092 elementor-widget elementor-widget-html\" data-id=\"f6af092\" data-element_type=\"widget\" data-widget_type=\"html.default\">\n\t\t\t\t<div class=\"elementor-widget-container\">\n\t\t\t\t\t<div id=\"buttons\">\r\n  <button onclick=\"showContent('Beneficios')\">CUIDADO<\/button>\r\n  <button onclick=\"showContent('origen')\">ORDE\u00d1O<\/button>\r\n  <button onclick=\"showContent('proceso')\">TRANSFORMACI\u00d3N<\/button>\r\n  <button onclick=\"showContent('nutricion')\">REPARTO<\/button>\r\n  <button onclick=\"showContent('sostenibilidad')\">VENTA<\/button>\r\n<\/div>\r\n\r\n<style>\r\n#buttons {\r\n  display: flex;\r\n  flex-direction: column;\r\n  gap: 10px;\r\n}\r\n#buttons button {\r\n  background-color: #CECD00;\r\n  color: white;\r\n  border: none;\r\n  padding: 12px 20px;\r\n  cursor: pointer;\r\n  font-size: 16px;\r\n  border-radius: 4px;\r\n  width: 100%;\r\n  box-sizing: border-box;\r\n  transition: background-color 0.3s;\r\n}\r\n#buttons button:hover {\r\n  background-color: #baba00;\r\n}\r\n<\/style>\r\n\r\n\t\t\t\t<\/div>\n\t\t\t\t<\/div>\n\t\t\t\t<\/div>\n\t\t<div class=\"elementor-element elementor-element-e6e70f5 e-con-full e-flex e-con e-child\" data-id=\"e6e70f5\" data-element_type=\"container\">\n\t\t<div class=\"elementor-element elementor-element-12efa60 e-con-full e-flex e-con e-child\" data-id=\"12efa60\" data-element_type=\"container\">\n\t\t\t\t<div class=\"elementor-element elementor-element-c8a35e7 elementor-widget elementor-widget-html\" data-id=\"c8a35e7\" data-element_type=\"widget\" data-widget_type=\"html.default\">\n\t\t\t\t<div class=\"elementor-widget-container\">\n\t\t\t\t\t<div id=\"content\">\r\n  <div id=\"Beneficios\" class=\"contenido\">Cuidamos a nuestras vacas con mucho mimo en nuestros prados naturales de Anoeta y Altzo, siguiendo las normas de la ganader\u00eda ecol\u00f3gica.<\/div>\r\n  <div id=\"origen\" class=\"contenido\" style=\"display:none\">Orde\u00f1amos las vacas diariamente, garantizando la limpieza y calidad de la leche.<\/div>\r\n  <div id=\"proceso\" class=\"contenido\" style=\"display:none\">Producimos diferentes productos transformando la leche cruda de vaca:<br>\r\n\u2022 Yogures enteros naturales: Elaborados con fermentos l\u00e1cticos.<br>\r\n\u2022\tYogures desnatados naturales: Se elimina la nata y se elaboran con fermentos l\u00e1cticos.<br>\r\n\u2022\tYogur batido: con az\u00fazar de panela.<br>\r\n\u2022\t Leche pasteurizada: La leche cruda se calienta a 72\u00ba, gracias al proceso de pasteurizaci\u00f3n.\r\n.<\/div>\r\n  <div id=\"nutricion\" class=\"contenido\" style=\"display:none\">Disponemos de un sistema de distribuci\u00f3n propio para que nuestros productos puedan llegar al punto de venta en el mejor estado posible.<\/div>\r\n  <div id=\"sostenibilidad\" class=\"contenido\" style=\"display:none\">La mayor parte de la venta se realiza en Gipuzkoa, principalmente en la lecher\u00eda de Altzo y en los caser\u00edos Sarobe y Berakoetxea. Aitor y Judith del caser\u00edo Etxeberri Goikoa de Olaberria tambi\u00e9n nos ayudan a llegar a algunos puntos de venta. Tambi\u00e9n destinamos nuestros alimentos a comedores, escuelas infantiles, peque\u00f1os comercios, grupos de consumo y hosteler\u00eda.\r\n<\/div>\r\n<\/div>\r\n\r\n<style>\r\n.contenido {\r\n  font-size: 18px;\r\n  line-height: 1.6;\r\n  padding: 10px;\r\n}\r\n<\/style>\r\n\r\n<script>\r\nfunction showContent(id) {\r\n  const sections = document.querySelectorAll(\".contenido\");\r\n  sections.forEach(s => s.style.display = \"none\");\r\n  document.getElementById(id).style.display = \"block\";\r\n}\r\n<\/script>\r\n\t\t\t\t<\/div>\n\t\t\t\t<\/div>\n\t\t\t\t<\/div>\n\t\t\t\t<\/div>\n\t\t\t\t<\/div>\n\t\t\t\t<\/div>\n\t\t\t\t\t<\/div>\n\t\t\t\t<\/div>\n\t\t<div class=\"elementor-element elementor-element-e1b4feb e-flex e-con-boxed e-con e-parent\" data-id=\"e1b4feb\" data-element_type=\"container\">\n\t\t\t\t\t<div class=\"e-con-inner\">\n\t\t\t\t<div class=\"elementor-element elementor-element-54c9902 elementor-view-default elementor-position-block-start elementor-mobile-position-block-start elementor-widget elementor-widget-icon-box\" data-id=\"54c9902\" data-element_type=\"widget\" data-widget_type=\"icon-box.default\">\n\t\t\t\t<div class=\"elementor-widget-container\">\n\t\t\t\t\t\t\t<div class=\"elementor-icon-box-wrapper\">\n\n\t\t\t\t\t\t<div class=\"elementor-icon-box-icon\">\n\t\t\t\t<span  class=\"elementor-icon\">\n\t\t\t\t<svg xmlns=\"http:\/\/www.w3.org\/2000\/svg\" id=\"Capa_1\" data-name=\"Capa 1\" viewBox=\"0 0 376.55 301.37\"><defs><style>      .cls-1 {        fill: #cccc1b;      }    <\/style><\/defs><path class=\"cls-1\" d=\"M0,263.94V90.89c2.28-8.05,4.89-15.07,10.29-21.61,19.04-23.07,47.83-14.71,74.04-16.88C101.2,30.03,108.53,3.01,141.12.67c29.89-2.15,62.29,1.69,92.45,0,33.34,2.15,40.3,28.82,57.52,51.73,22.92,2.19,49.05-4.99,68.21,10.99,9.26,7.72,15.26,19.44,16.15,31.51-2.68,53.55,3.47,110.42,0,163.58-1.54,23.56-19.44,41.15-42.9,42.89l-290.39-.04c-15.28-1.48-28.9-9.49-36.43-22.96-2.68-4.8-3.67-9.48-5.74-14.42ZM184.63,62.51c-75.69,1.92-122.38,84.5-85.03,150.59,38.5,68.13,137.91,68.24,176.23,0s-12.91-152.57-91.2-150.59ZM307.08,89.63c-17.4,2.18-17.01,24.79-.13,26.84,4.79.58,18.04.61,22.27-1.03,9.45-3.65,10.61-17.15,2.57-23.08-4.99-3.69-18.51-3.51-24.72-2.73Z\"><\/path><path class=\"cls-1\" d=\"M187.47,107.3c43.64-.24,71.06,47.31,48.49,85-19.29,32.23-66.07,36.71-90.76,8.19-31.45-36.33-5.49-92.93,42.26-93.19Z\"><\/path><\/svg>\t\t\t\t<\/span>\n\t\t\t<\/div>\n\t\t\t\n\t\t\t\t\t\t<div class=\"elementor-icon-box-content\">\n\n\t\t\t\t\t\t\t\t\t<h3 class=\"elementor-icon-box-title\">\n\t\t\t\t\t\t<span  >\n\t\t\t\t\t\t\tIm\u00e1genes\t\t\t\t\t\t<\/span>\n\t\t\t\t\t<\/h3>\n\t\t\t\t\n\t\t\t\t\n\t\t\t<\/div>\n\t\t\t\n\t\t<\/div>\n\t\t\t\t\t\t<\/div>\n\t\t\t\t<\/div>\n\t\t\t\t\t<\/div>\n\t\t\t\t<\/div>\n\t\t<div class=\"elementor-element elementor-element-eb05457 e-flex e-con-boxed e-con e-parent\" data-id=\"eb05457\" data-element_type=\"container\">\n\t\t\t\t\t<div class=\"e-con-inner\">\n\t\t<div class=\"elementor-element elementor-element-e415f5c e-grid e-con-full e-con e-child\" data-id=\"e415f5c\" data-element_type=\"container\">\n\t\t\t\t<div class=\"elementor-element elementor-element-9549472 elementor-widget elementor-widget-image\" data-id=\"9549472\" data-element_type=\"widget\" data-widget_type=\"image.default\">\n\t\t\t\t<div class=\"elementor-widget-container\">\n\t\t\t\t\t\t\t\t\t\t\t\t\t\t\t<img fetchpriority=\"high\" decoding=\"async\" width=\"800\" height=\"800\" src=\"https:\/\/www.behieko.eus\/wp-content\/uploads\/2025\/05\/B3.webp\" class=\"attachment-large size-large wp-image-865\" alt=\"\" srcset=\"https:\/\/www.behieko.eus\/wp-content\/uploads\/2025\/05\/B3.webp 1024w, https:\/\/www.behieko.eus\/wp-content\/uploads\/2025\/05\/B3-300x300.webp 300w, https:\/\/www.behieko.eus\/wp-content\/uploads\/2025\/05\/B3-150x150.webp 150w, https:\/\/www.behieko.eus\/wp-content\/uploads\/2025\/05\/B3-768x768.webp 768w\" sizes=\"(max-width: 800px) 100vw, 800px\" \/>\t\t\t\t\t\t\t\t\t\t\t\t\t\t\t<\/div>\n\t\t\t\t<\/div>\n\t\t\t\t<div class=\"elementor-element elementor-element-69bbeaf elementor-widget elementor-widget-image\" data-id=\"69bbeaf\" data-element_type=\"widget\" data-widget_type=\"image.default\">\n\t\t\t\t<div class=\"elementor-widget-container\">\n\t\t\t\t\t\t\t\t\t\t\t\t\t\t\t<img decoding=\"async\" width=\"800\" height=\"800\" src=\"https:\/\/www.behieko.eus\/wp-content\/uploads\/2025\/05\/B2.webp\" class=\"attachment-large size-large wp-image-864\" alt=\"\" srcset=\"https:\/\/www.behieko.eus\/wp-content\/uploads\/2025\/05\/B2.webp 1024w, https:\/\/www.behieko.eus\/wp-content\/uploads\/2025\/05\/B2-300x300.webp 300w, https:\/\/www.behieko.eus\/wp-content\/uploads\/2025\/05\/B2-150x150.webp 150w, https:\/\/www.behieko.eus\/wp-content\/uploads\/2025\/05\/B2-768x768.webp 768w\" sizes=\"(max-width: 800px) 100vw, 800px\" \/>\t\t\t\t\t\t\t\t\t\t\t\t\t\t\t<\/div>\n\t\t\t\t<\/div>\n\t\t\t\t<div class=\"elementor-element elementor-element-a537791 elementor-widget elementor-widget-image\" data-id=\"a537791\" data-element_type=\"widget\" data-widget_type=\"image.default\">\n\t\t\t\t<div class=\"elementor-widget-container\">\n\t\t\t\t\t\t\t\t\t\t\t\t\t\t\t<img decoding=\"async\" width=\"800\" height=\"800\" src=\"https:\/\/www.behieko.eus\/wp-content\/uploads\/2025\/05\/B1.webp\" class=\"attachment-large size-large wp-image-863\" alt=\"\" srcset=\"https:\/\/www.behieko.eus\/wp-content\/uploads\/2025\/05\/B1.webp 1024w, https:\/\/www.behieko.eus\/wp-content\/uploads\/2025\/05\/B1-300x300.webp 300w, https:\/\/www.behieko.eus\/wp-content\/uploads\/2025\/05\/B1-150x150.webp 150w, https:\/\/www.behieko.eus\/wp-content\/uploads\/2025\/05\/B1-768x768.webp 768w\" sizes=\"(max-width: 800px) 100vw, 800px\" \/>\t\t\t\t\t\t\t\t\t\t\t\t\t\t\t<\/div>\n\t\t\t\t<\/div>\n\t\t\t\t<div class=\"elementor-element elementor-element-71ad4ff elementor-widget elementor-widget-image\" data-id=\"71ad4ff\" data-element_type=\"widget\" data-widget_type=\"image.default\">\n\t\t\t\t<div class=\"elementor-widget-container\">\n\t\t\t\t\t\t\t\t\t\t\t\t\t\t\t<img loading=\"lazy\" decoding=\"async\" width=\"600\" height=\"500\" src=\"https:\/\/www.behieko.eus\/wp-content\/uploads\/2025\/05\/vacas.webp\" class=\"attachment-large size-large wp-image-861\" alt=\"\" srcset=\"https:\/\/www.behieko.eus\/wp-content\/uploads\/2025\/05\/vacas.webp 600w, https:\/\/www.behieko.eus\/wp-content\/uploads\/2025\/05\/vacas-300x250.webp 300w\" sizes=\"(max-width: 600px) 100vw, 600px\" \/>\t\t\t\t\t\t\t\t\t\t\t\t\t\t\t<\/div>\n\t\t\t\t<\/div>\n\t\t\t\t<div class=\"elementor-element elementor-element-de59da4 elementor-widget elementor-widget-image\" data-id=\"de59da4\" data-element_type=\"widget\" data-widget_type=\"image.default\">\n\t\t\t\t<div class=\"elementor-widget-container\">\n\t\t\t\t\t\t\t\t\t\t\t\t\t\t\t<img loading=\"lazy\" decoding=\"async\" width=\"800\" height=\"800\" src=\"https:\/\/www.behieko.eus\/wp-content\/uploads\/2025\/05\/B5.webp\" class=\"attachment-large size-large wp-image-867\" alt=\"\" srcset=\"https:\/\/www.behieko.eus\/wp-content\/uploads\/2025\/05\/B5.webp 1024w, https:\/\/www.behieko.eus\/wp-content\/uploads\/2025\/05\/B5-300x300.webp 300w, https:\/\/www.behieko.eus\/wp-content\/uploads\/2025\/05\/B5-150x150.webp 150w, https:\/\/www.behieko.eus\/wp-content\/uploads\/2025\/05\/B5-768x768.webp 768w\" sizes=\"(max-width: 800px) 100vw, 800px\" \/>\t\t\t\t\t\t\t\t\t\t\t\t\t\t\t<\/div>\n\t\t\t\t<\/div>\n\t\t\t\t<div class=\"elementor-element elementor-element-cdd7855 elementor-widget elementor-widget-image\" data-id=\"cdd7855\" data-element_type=\"widget\" data-widget_type=\"image.default\">\n\t\t\t\t<div class=\"elementor-widget-container\">\n\t\t\t\t\t\t\t\t\t\t\t\t\t\t\t<img loading=\"lazy\" decoding=\"async\" width=\"800\" height=\"800\" src=\"https:\/\/www.behieko.eus\/wp-content\/uploads\/2025\/05\/B4.webp\" class=\"attachment-large size-large wp-image-866\" alt=\"\" srcset=\"https:\/\/www.behieko.eus\/wp-content\/uploads\/2025\/05\/B4.webp 1024w, https:\/\/www.behieko.eus\/wp-content\/uploads\/2025\/05\/B4-300x300.webp 300w, https:\/\/www.behieko.eus\/wp-content\/uploads\/2025\/05\/B4-150x150.webp 150w, https:\/\/www.behieko.eus\/wp-content\/uploads\/2025\/05\/B4-768x768.webp 768w\" sizes=\"(max-width: 800px) 100vw, 800px\" \/>\t\t\t\t\t\t\t\t\t\t\t\t\t\t\t<\/div>\n\t\t\t\t<\/div>\n\t\t\t\t<div class=\"elementor-element elementor-element-537e949 elementor-widget elementor-widget-image\" data-id=\"537e949\" data-element_type=\"widget\" data-widget_type=\"image.default\">\n\t\t\t\t<div class=\"elementor-widget-container\">\n\t\t\t\t\t\t\t\t\t\t\t\t\t\t\t<img loading=\"lazy\" decoding=\"async\" width=\"800\" height=\"800\" src=\"https:\/\/www.behieko.eus\/wp-content\/uploads\/2025\/05\/B6.webp\" class=\"attachment-large size-large wp-image-868\" alt=\"\" srcset=\"https:\/\/www.behieko.eus\/wp-content\/uploads\/2025\/05\/B6.webp 1024w, https:\/\/www.behieko.eus\/wp-content\/uploads\/2025\/05\/B6-300x300.webp 300w, https:\/\/www.behieko.eus\/wp-content\/uploads\/2025\/05\/B6-150x150.webp 150w, https:\/\/www.behieko.eus\/wp-content\/uploads\/2025\/05\/B6-768x768.webp 768w\" sizes=\"(max-width: 800px) 100vw, 800px\" \/>\t\t\t\t\t\t\t\t\t\t\t\t\t\t\t<\/div>\n\t\t\t\t<\/div>\n\t\t\t\t<div class=\"elementor-element elementor-element-f6426c4 elementor-widget elementor-widget-image\" data-id=\"f6426c4\" data-element_type=\"widget\" data-widget_type=\"image.default\">\n\t\t\t\t<div class=\"elementor-widget-container\">\n\t\t\t\t\t\t\t\t\t\t\t\t\t\t\t<img loading=\"lazy\" decoding=\"async\" width=\"800\" height=\"800\" src=\"https:\/\/www.behieko.eus\/wp-content\/uploads\/2025\/05\/B7.webp\" class=\"attachment-large size-large wp-image-869\" alt=\"\" srcset=\"https:\/\/www.behieko.eus\/wp-content\/uploads\/2025\/05\/B7.webp 1024w, https:\/\/www.behieko.eus\/wp-content\/uploads\/2025\/05\/B7-300x300.webp 300w, https:\/\/www.behieko.eus\/wp-content\/uploads\/2025\/05\/B7-150x150.webp 150w, https:\/\/www.behieko.eus\/wp-content\/uploads\/2025\/05\/B7-768x768.webp 768w\" sizes=\"(max-width: 800px) 100vw, 800px\" \/>\t\t\t\t\t\t\t\t\t\t\t\t\t\t\t<\/div>\n\t\t\t\t<\/div>\n\t\t\t\t<div class=\"elementor-element elementor-element-504f0ce elementor-widget elementor-widget-image\" data-id=\"504f0ce\" data-element_type=\"widget\" data-widget_type=\"image.default\">\n\t\t\t\t<div class=\"elementor-widget-container\">\n\t\t\t\t\t\t\t\t\t\t\t\t\t\t\t<img loading=\"lazy\" decoding=\"async\" width=\"800\" height=\"800\" src=\"https:\/\/www.behieko.eus\/wp-content\/uploads\/2025\/05\/1-4.webp\" class=\"attachment-large size-large wp-image-889\" alt=\"\" srcset=\"https:\/\/www.behieko.eus\/wp-content\/uploads\/2025\/05\/1-4.webp 1024w, https:\/\/www.behieko.eus\/wp-content\/uploads\/2025\/05\/1-4-300x300.webp 300w, https:\/\/www.behieko.eus\/wp-content\/uploads\/2025\/05\/1-4-150x150.webp 150w, https:\/\/www.behieko.eus\/wp-content\/uploads\/2025\/05\/1-4-768x768.webp 768w\" sizes=\"(max-width: 800px) 100vw, 800px\" \/>\t\t\t\t\t\t\t\t\t\t\t\t\t\t\t<\/div>\n\t\t\t\t<\/div>\n\t\t\t\t<div class=\"elementor-element elementor-element-30c3993 elementor-widget elementor-widget-image\" data-id=\"30c3993\" data-element_type=\"widget\" data-widget_type=\"image.default\">\n\t\t\t\t<div class=\"elementor-widget-container\">\n\t\t\t\t\t\t\t\t\t\t\t\t\t\t\t<img loading=\"lazy\" decoding=\"async\" width=\"800\" height=\"800\" src=\"https:\/\/www.behieko.eus\/wp-content\/uploads\/2025\/05\/2-2.webp\" class=\"attachment-large size-large wp-image-890\" alt=\"\" srcset=\"https:\/\/www.behieko.eus\/wp-content\/uploads\/2025\/05\/2-2.webp 1024w, https:\/\/www.behieko.eus\/wp-content\/uploads\/2025\/05\/2-2-300x300.webp 300w, https:\/\/www.behieko.eus\/wp-content\/uploads\/2025\/05\/2-2-150x150.webp 150w, https:\/\/www.behieko.eus\/wp-content\/uploads\/2025\/05\/2-2-768x768.webp 768w\" sizes=\"(max-width: 800px) 100vw, 800px\" \/>\t\t\t\t\t\t\t\t\t\t\t\t\t\t\t<\/div>\n\t\t\t\t<\/div>\n\t\t\t\t<div class=\"elementor-element elementor-element-a5cc10d elementor-widget elementor-widget-image\" data-id=\"a5cc10d\" data-element_type=\"widget\" data-widget_type=\"image.default\">\n\t\t\t\t<div class=\"elementor-widget-container\">\n\t\t\t\t\t\t\t\t\t\t\t\t\t\t\t<img loading=\"lazy\" decoding=\"async\" width=\"800\" height=\"800\" src=\"https:\/\/www.behieko.eus\/wp-content\/uploads\/2025\/05\/4.webp\" class=\"attachment-large size-large wp-image-891\" alt=\"\" srcset=\"https:\/\/www.behieko.eus\/wp-content\/uploads\/2025\/05\/4.webp 1024w, https:\/\/www.behieko.eus\/wp-content\/uploads\/2025\/05\/4-300x300.webp 300w, https:\/\/www.behieko.eus\/wp-content\/uploads\/2025\/05\/4-150x150.webp 150w, https:\/\/www.behieko.eus\/wp-content\/uploads\/2025\/05\/4-768x768.webp 768w\" sizes=\"(max-width: 800px) 100vw, 800px\" \/>\t\t\t\t\t\t\t\t\t\t\t\t\t\t\t<\/div>\n\t\t\t\t<\/div>\n\t\t\t\t<div class=\"elementor-element elementor-element-9964940 elementor-widget elementor-widget-image\" data-id=\"9964940\" data-element_type=\"widget\" data-widget_type=\"image.default\">\n\t\t\t\t<div class=\"elementor-widget-container\">\n\t\t\t\t\t\t\t\t\t\t\t\t\t\t\t<img loading=\"lazy\" decoding=\"async\" width=\"800\" height=\"800\" src=\"https:\/\/www.behieko.eus\/wp-content\/uploads\/2025\/05\/1-5.webp\" class=\"attachment-large size-large wp-image-892\" alt=\"\" srcset=\"https:\/\/www.behieko.eus\/wp-content\/uploads\/2025\/05\/1-5.webp 1024w, https:\/\/www.behieko.eus\/wp-content\/uploads\/2025\/05\/1-5-300x300.webp 300w, https:\/\/www.behieko.eus\/wp-content\/uploads\/2025\/05\/1-5-150x150.webp 150w, https:\/\/www.behieko.eus\/wp-content\/uploads\/2025\/05\/1-5-768x768.webp 768w\" sizes=\"(max-width: 800px) 100vw, 800px\" \/>\t\t\t\t\t\t\t\t\t\t\t\t\t\t\t<\/div>\n\t\t\t\t<\/div>\n\t\t\t\t<\/div>\n\t\t\t\t\t<\/div>\n\t\t\t\t<\/div>\n\t\t\t\t<\/div>\n\t\t","protected":false},"excerpt":{"rendered":"<p>EL PROCESO DE BEHIEKO SABEKOETXEA En Sabekoetxea, los animales ocupan un lugar fundamental, creemos en el bienestar de los animales como nuestro objetivo principal. Respetamos a nuestros animales y cuidamos cada paso del trabajo. Nos hacemos cargo de todo el proceso nosotros mismos, desde el cuidado de las vacas hasta la comercializaci\u00f3n de nuestros productos. [&hellip;]<\/p>\n","protected":false},"author":1,"featured_media":0,"parent":0,"menu_order":0,"comment_status":"closed","ping_status":"closed","template":"","meta":{"footnotes":""},"class_list":["post-911","page","type-page","status-publish","hentry"],"_links":{"self":[{"href":"https:\/\/www.behieko.eus\/es\/wp-json\/wp\/v2\/pages\/911","targetHints":{"allow":["GET"]}}],"collection":[{"href":"https:\/\/www.behieko.eus\/es\/wp-json\/wp\/v2\/pages"}],"about":[{"href":"https:\/\/www.behieko.eus\/es\/wp-json\/wp\/v2\/types\/page"}],"author":[{"embeddable":true,"href":"https:\/\/www.behieko.eus\/es\/wp-json\/wp\/v2\/users\/1"}],"replies":[{"embeddable":true,"href":"https:\/\/www.behieko.eus\/es\/wp-json\/wp\/v2\/comments?post=911"}],"version-history":[{"count":49,"href":"https:\/\/www.behieko.eus\/es\/wp-json\/wp\/v2\/pages\/911\/revisions"}],"predecessor-version":[{"id":1374,"href":"https:\/\/www.behieko.eus\/es\/wp-json\/wp\/v2\/pages\/911\/revisions\/1374"}],"wp:attachment":[{"href":"https:\/\/www.behieko.eus\/es\/wp-json\/wp\/v2\/media?parent=911"}],"curies":[{"name":"wp","href":"https:\/\/api.w.org\/{rel}","templated":true}]}}